{"id":3664,"date":"2017-06-07T09:32:13","date_gmt":"2017-06-07T09:32:13","guid":{"rendered":"https:\/\/villagevictoria.ca\/fullscreen-home\/"},"modified":"2023-10-05T17:13:45","modified_gmt":"2023-10-05T21:13:45","slug":"fullscreen-home","status":"publish","type":"page","link":"https:\/\/villagevictoria.ca\/en\/","title":{"rendered":"Home"},"content":{"rendered":"<p>[vc_row full_width=&#8221;stretch_row&#8221; css=&#8221;.vc_custom_1557360308746{background: #f1f2ea url(https:\/\/villagevictoria.ca\/wp-content\/uploads\/2019\/05\/hero-victoria-06.jpg?id=3589) !important;background-position: center !important;background-repeat: no-repeat !important;background-size: cover !important;}&#8221; el_class=&#8221;victoria-hero&#8221;][vc_column][vc_row_inner css=&#8221;.vc_custom_1499339385121{margin-top: -8.5% !important;}&#8221;][vc_column_inner][\/vc_column_inner][\/vc_row_inner][\/vc_column][\/vc_row][vc_row full_width=&#8221;stretch_row&#8221; css_animation=&#8221;none&#8221; css=&#8221;.vc_custom_1557349095094{margin-top: 0px !important;padding-top: 0px !important;background-color: #f1f2ea !important;background-position: center !important;background-repeat: no-repeat !important;background-size: cover !important;}&#8221; el_class=&#8221;nos-commerces&#8221;][vc_column css_animation=&#8221;none&#8221; css=&#8221;.vc_custom_1557346821074{margin-top: 0px !important;margin-bottom: 0px !important;padding-top: 0px !important;padding-bottom: 0px !important;}&#8221;][vc_empty_space height=&#8221;67px&#8221;]<div class=\"eltd-section-title-holder\" style=\"text-align: center\">\n\t\t\t<h2 class=\"eltd-st-title\" style=\"color: #1a3168\">\n\n            <span class=\"eltd-section-title-inner-wrapper\">\n\n                Our businesses\n            <\/span>\n\n\n\t\t<\/h2>\n\t\n\t\t\t<p class=\"eltd-st-text\" style=\"color: #808080;font-size: 18px\">Discover your village<\/p>\n\t\n<\/div>\n[vc_empty_space height=&#8221;40px&#8221;]\n<div class=\"eltd-ls-gallery-normal-space eltd-ls-categories-holder eltd-ls-category-gallery clearfix eltd-ls-gallery-four-columns\">\n\t<div class=\"eltd-ls-gallery-inner clearfix\">\n\t\t<div class=\"eltd-ls-gallery-sizer\"><\/div>\n\t\t<article class=\"eltd-ls-item eltd-ls-gallery-item eltd-ls-gallery-standard eltd-ls-gallery-rec-portrait \" >\n\n    <div class=\"eltd-ls-item-inner\">\n\n        \t        <a href=\"https:\/\/villagevictoria.ca\/en\/merchant-category\/food\/\" class=\"eltd-ls-gallery-item-overlay\"><\/a>\n        \n        <div class=\"eltd-ls-gallery-item-wrapper\">\n\n            <div class=\"eltd-ls-cat-icon eltd-regular-icon\"><i class=\"eltd-icon-ion-icon ion-coffee \" ><\/i><\/div>\n            <div class=\"eltd-ls-gallery-item-text\">\n\n                <h3 class=\"eltd-gallery-item-title\">\n                    Food                <\/h3>\n\n                \n                    <div class=\"eltd-ls-gallery-item-desc\">\n                        <p>Cafes, bakeries, caterers, fast food<\/p>\n                    <\/div>\n\n                \n            <\/div>\n\n        <\/div>\n        <div class=\"eltd-ls-item-bgrnd\" style=\"background-image: url(https:\/\/villagevictoria.ca\/wp-content\/uploads\/2019\/05\/alimentation.jpg)\"><\/div>\n\t   \n    <\/div>\n\n<\/article><article class=\"eltd-ls-item eltd-ls-gallery-item eltd-ls-gallery-standard eltd-ls-gallery-square-small \" >\n\n    <div class=\"eltd-ls-item-inner\">\n\n        \t        <a href=\"https:\/\/villagevictoria.ca\/en\/merchant-category\/restaurants-and-bars\/\" class=\"eltd-ls-gallery-item-overlay\"><\/a>\n        \n        <div class=\"eltd-ls-gallery-item-wrapper\">\n\n            <div class=\"eltd-ls-cat-icon eltd-regular-icon\"><i class=\"eltd-icon-ion-icon ion-wineglass \" ><\/i><\/div>\n            <div class=\"eltd-ls-gallery-item-text\">\n\n                <h3 class=\"eltd-gallery-item-title\">\n                    Restaurants and bars                <\/h3>\n\n                \n            <\/div>\n\n        <\/div>\n        <div class=\"eltd-ls-item-bgrnd\" style=\"background-image: url(https:\/\/villagevictoria.ca\/wp-content\/uploads\/2019\/05\/restaurants-bars.jpg)\"><\/div>\n\t   \n    <\/div>\n\n<\/article><article class=\"eltd-ls-item eltd-ls-gallery-item eltd-ls-gallery-standard eltd-ls-gallery-square-small \" >\n\n    <div class=\"eltd-ls-item-inner\">\n\n        \t        <a href=\"https:\/\/villagevictoria.ca\/en\/merchant-category\/beauty-and-well-being\/\" class=\"eltd-ls-gallery-item-overlay\"><\/a>\n        \n        <div class=\"eltd-ls-gallery-item-wrapper\">\n\n            <div class=\"eltd-ls-cat-icon eltd-regular-icon\"><i class=\"eltd-icon-ion-icon ion-scissors \" ><\/i><\/div>\n            <div class=\"eltd-ls-gallery-item-text\">\n\n                <h3 class=\"eltd-gallery-item-title\">\n                    Beauty and well-being                <\/h3>\n\n                \n            <\/div>\n\n        <\/div>\n        <div class=\"eltd-ls-item-bgrnd\" style=\"background-image: url(https:\/\/villagevictoria.ca\/wp-content\/uploads\/2019\/05\/beaute-greene.jpg)\"><\/div>\n\t   \n    <\/div>\n\n<\/article><article class=\"eltd-ls-item eltd-ls-gallery-item eltd-ls-gallery-standard eltd-ls-gallery-square-small \" >\n\n    <div class=\"eltd-ls-item-inner\">\n\n        \t        <a href=\"https:\/\/villagevictoria.ca\/en\/merchant-category\/arts-and-culture\/\" class=\"eltd-ls-gallery-item-overlay\"><\/a>\n        \n        <div class=\"eltd-ls-gallery-item-wrapper\">\n\n            <div class=\"eltd-ls-cat-icon eltd-regular-icon\"><i class=\"eltd-icon-ion-icon ion-paintbrush \" ><\/i><\/div>\n            <div class=\"eltd-ls-gallery-item-text\">\n\n                <h3 class=\"eltd-gallery-item-title\">\n                    Arts and culture                <\/h3>\n\n                \n            <\/div>\n\n        <\/div>\n        <div class=\"eltd-ls-item-bgrnd\" style=\"background-image: url(https:\/\/villagevictoria.ca\/wp-content\/uploads\/2019\/05\/centre-arts-visuels-02.jpg)\"><\/div>\n\t   \n    <\/div>\n\n<\/article><article class=\"eltd-ls-item eltd-ls-gallery-item eltd-ls-gallery-standard eltd-ls-gallery-square-small \" >\n\n    <div class=\"eltd-ls-item-inner\">\n\n        \t        <a href=\"https:\/\/villagevictoria.ca\/en\/merchant-category\/fashion-and-shopping\/\" class=\"eltd-ls-gallery-item-overlay\"><\/a>\n        \n        <div class=\"eltd-ls-gallery-item-wrapper\">\n\n            <div class=\"eltd-ls-cat-icon eltd-regular-icon\"><i class=\"eltd-icon-ion-icon ion-bag \" ><\/i><\/div>\n            <div class=\"eltd-ls-gallery-item-text\">\n\n                <h3 class=\"eltd-gallery-item-title\">\n                    Fashion and shopping                <\/h3>\n\n                \n            <\/div>\n\n        <\/div>\n        <div class=\"eltd-ls-item-bgrnd\" style=\"background-image: url(https:\/\/villagevictoria.ca\/wp-content\/uploads\/2019\/05\/mode-magasinage.jpg)\"><\/div>\n\t   \n    <\/div>\n\n<\/article><article class=\"eltd-ls-item eltd-ls-gallery-item eltd-ls-gallery-standard eltd-ls-gallery-square-small \" >\n\n    <div class=\"eltd-ls-item-inner\">\n\n        \t        <a href=\"https:\/\/villagevictoria.ca\/en\/merchant-category\/others\/\" class=\"eltd-ls-gallery-item-overlay\"><\/a>\n        \n        <div class=\"eltd-ls-gallery-item-wrapper\">\n\n            <div class=\"eltd-ls-cat-icon eltd-regular-icon\"><i class=\"eltd-icon-ion-icon ion-pin \" ><\/i><\/div>\n            <div class=\"eltd-ls-gallery-item-text\">\n\n                <h3 class=\"eltd-gallery-item-title\">\n                    Others                <\/h3>\n\n                \n            <\/div>\n\n        <\/div>\n        <div class=\"eltd-ls-item-bgrnd\" style=\"background-image: url(https:\/\/villagevictoria.ca\/wp-content\/uploads\/2019\/05\/autres-1.jpg)\"><\/div>\n\t   \n    <\/div>\n\n<\/article><article class=\"eltd-ls-item eltd-ls-gallery-item eltd-ls-gallery-standard eltd-ls-gallery-square-small \" >\n\n    <div class=\"eltd-ls-item-inner\">\n\n        \t        <a href=\"https:\/\/villagevictoria.ca\/en\/merchant-category\/professional-services\/\" class=\"eltd-ls-gallery-item-overlay\"><\/a>\n        \n        <div class=\"eltd-ls-gallery-item-wrapper\">\n\n            <div class=\"eltd-ls-cat-icon eltd-regular-icon\"><i class=\"eltd-icon-ion-icon ion-briefcase \" ><\/i><\/div>\n            <div class=\"eltd-ls-gallery-item-text\">\n\n                <h3 class=\"eltd-gallery-item-title\">\n                    Professional services                <\/h3>\n\n                \n            <\/div>\n\n        <\/div>\n        <div class=\"eltd-ls-item-bgrnd\" style=\"background-image: url(https:\/\/villagevictoria.ca\/wp-content\/uploads\/2019\/05\/services-professionnels-greene.jpg)\"><\/div>\n\t   \n    <\/div>\n\n<\/article>\t<\/div>\n\t<\/div>[vc_empty_space height=&#8221;67px&#8221;][\/vc_column][\/vc_row][vc_row full_width=&#8221;stretch_row&#8221; equal_height=&#8221;yes&#8221; css=&#8221;.vc_custom_1557349352402{background-color: #d3e9cc !important;}&#8221; el_class=&#8221;signup-newsletter&#8221;][vc_column css=&#8221;.vc_custom_1557349398908{margin-top: 0px !important;margin-bottom: 0px !important;padding-top: 0px !important;padding-bottom: 0px !important;}&#8221;][vc_row_inner equal_height=&#8221;yes&#8221; content_placement=&#8221;middle&#8221; css=&#8221;.vc_custom_1557349368740{margin-top: 0px !important;margin-right: 0px !important;margin-bottom: 0px !important;margin-left: 0px !important;padding-top: 0px !important;padding-right: 0px !important;padding-bottom: 0px !important;padding-left: 0px !important;}&#8221;][vc_column_inner width=&#8221;1\/4&#8243;]<div class=\"eltd-section-title-holder\" style=\"text-align: left\">\n\t\t\t<h4 class=\"eltd-st-title\" style=\"color: #1a3168\">\n\n            <span class=\"eltd-section-title-inner-wrapper\">\n\n                Subscribe to our newsletter\n            <\/span>\n\n\n\t\t<\/h4>\n\t\n\t\n<\/div>\n[\/vc_column_inner][vc_column_inner width=&#8221;3\/4&#8243;][vc_column_text css=&#8221;.vc_custom_1630694528988{margin-top: 0px !important;margin-bottom: 0px !important;padding-top: 0px !important;padding-bottom: 0px !important;}&#8221;]\n\t<section id=\"yikes-mailchimp-container-2\" class=\"yikes-mailchimp-container yikes-mailchimp-container-2 \">\n\t\t\t\t<form id=\"homepage-en-2\" class=\"yikes-easy-mc-form yikes-easy-mc-form-2 yikes-mailchimp-form-inline  \" method=\"POST\" data-attr-form-id=\"2\">\n\n\t\t\t\t\t\t\t\t\t\t\t\t\t<label for=\"yikes-easy-mc-form-2-EMAIL\"  class=\"label-inline EMAIL-label yikes-mailchimp-field-required \">\n\n\t\t\t\t\t\t\t\t\t\t<!-- dictate label visibility -->\n\t\t\t\t\t\t\t\t\t\t\n\t\t\t\t\t\t\t\t\t\t<!-- Description Above -->\n\t\t\t\t\t\t\t\t\t\t\n\t\t\t\t\t\t\t\t\t\t<input id=\"yikes-easy-mc-form-2-EMAIL\"  name=\"EMAIL\"  placeholder=\"Email\"  class=\"yikes-easy-mc-email wpcf7-form-control wpcf7-text field-no-label\"  required=\"required\" type=\"email\"  value=\"\">\n\n\t\t\t\t\t\t\t\t\t\t<!-- Description Below -->\n\t\t\t\t\t\t\t\t\t\t\n\t\t\t\t\t\t\t\t\t<\/label>\n\t\t\t\t\t\t\t\t\t\n\t\t\t\t<!-- Honeypot Trap -->\n\t\t\t\t<input type=\"hidden\" name=\"yikes-mailchimp-honeypot\" id=\"yikes-mailchimp-honeypot-2\" value=\"\">\n\n\t\t\t\t<!-- List ID -->\n\t\t\t\t<input type=\"hidden\" name=\"yikes-mailchimp-associated-list-id\" id=\"yikes-mailchimp-associated-list-id-2\" value=\"833d5cac4b\">\n\n\t\t\t\t<!-- The form that is being submitted! Used to display error\/success messages above the correct form -->\n\t\t\t\t<input type=\"hidden\" name=\"yikes-mailchimp-submitted-form\" id=\"yikes-mailchimp-submitted-form-2\" value=\"2\">\n\n\t\t\t\t<!-- Submit Button -->\n\t\t\t\t<label class=\"empty-form-inline-label submit-button-inline-label\"><span class=\"empty-label labels-hidden\">&nbsp;<\/span><button type=\"submit\" class=\"yikes-easy-mc-submit-button yikes-easy-mc-submit-button-2 btn btn-primary wpcf7-form-control wpcf7-submit\"> <span class=\"yikes-mailchimp-submit-button-span-text\">Subscribe<\/span><\/button><\/label>\t\t\t\t<!-- Nonce Security Check -->\n\t\t\t\t<input type=\"hidden\" id=\"yikes_easy_mc_new_subscriber_2\" name=\"yikes_easy_mc_new_subscriber\" value=\"bc59494241\">\n\t\t\t\t<input type=\"hidden\" name=\"_wp_http_referer\" value=\"\/en\/wp-json\/wp\/v2\/pages\/3664\" \/>\n\t\t\t<\/form>\n\t\t\t<!-- Mailchimp Form generated by Easy Forms for Mailchimp v6.8.8 (https:\/\/wordpress.org\/plugins\/yikes-inc-easy-mailchimp-extender\/) -->\n\n\t\t\t<\/section>\n\t[\/vc_column_text][\/vc_column_inner][\/vc_row_inner][\/vc_column][\/vc_row][vc_row][vc_column][vc_empty_space height=&#8221;67px&#8221;]<div class=\"eltd-section-title-holder\" style=\"text-align: center\">\n\t\t\t<h1 class=\"eltd-st-title\" style=\"color: #2a2a2a\">\n\n            <span class=\"eltd-section-title-inner-wrapper\">\n\n                Latest News!\n            <\/span>\n\n\n\t\t<\/h1>\n\t\n\t\n<\/div>\n[vc_empty_space]<div class=\"eltd-blog-slider-holder\">\n    <ul class=\"eltd-blog-slider eltd-owl-slider\" data-number-of-items=\"2\" data-slider-margin=\"15\" data-enable-center=\"yes\" data-enable-navigation=\"no\" data-enable-pagination=\"yes\">\n        <li class=\"eltd-blog-slider-item\">\n    <div class=\"eltd-blog-slider-item-inner\">\n        <div class=\"eltd-item-image clearfix\">\n            <a itemprop=\"url\" href=\"https:\/\/villagevictoria.ca\/en\/casse-noisettes-perdus\/\">\n                <img loading=\"lazy\" decoding=\"async\" width=\"1536\" height=\"2048\" src=\"https:\/\/villagevictoria.ca\/wp-content\/uploads\/2025\/12\/d789e8ed-d9b6-447b-b636-003e7f369b9c.jpeg\" class=\"attachment-full size-full wp-post-image\" alt=\"\" srcset=\"https:\/\/villagevictoria.ca\/wp-content\/uploads\/2025\/12\/d789e8ed-d9b6-447b-b636-003e7f369b9c.jpeg 1536w, https:\/\/villagevictoria.ca\/wp-content\/uploads\/2025\/12\/d789e8ed-d9b6-447b-b636-003e7f369b9c-225x300.jpeg 225w, https:\/\/villagevictoria.ca\/wp-content\/uploads\/2025\/12\/d789e8ed-d9b6-447b-b636-003e7f369b9c-768x1024.jpeg 768w, https:\/\/villagevictoria.ca\/wp-content\/uploads\/2025\/12\/d789e8ed-d9b6-447b-b636-003e7f369b9c-1152x1536.jpeg 1152w\" sizes=\"auto, (max-width: 1536px) 100vw, 1536px\" \/>            <\/a>\n        <\/div>\n        <div class=\"eltd-item-text-wrapper\">\n            <div class=\"eltd-item-text-holder\">\n                <div class=\"eltd-item-text-holder-inner\">\n                                            <div class=\"eltd-item-info-section\">\n                            <div itemprop=\"dateCreated\" class=\"eltd-post-info-date entry-date published updated\">\n            <a itemprop=\"url\" href=\"https:\/\/villagevictoria.ca\/en\/2025\/12\/\">\n            <i class=\"eltd-icon-simple-line-icon icon-calender \" ><\/i>        December 11, 2025        <\/a>\n    <meta itemprop=\"interactionCount\" content=\"UserComments: 0\"\/>\n<\/div>                                                                                                            <\/div>\n                    \n                    <h2 itemprop=\"name\" class=\"eltd-item-title entry-title\">\n                        <a itemprop=\"url\" href=\"https:\/\/villagevictoria.ca\/en\/casse-noisettes-perdus\/\">\n                            Help Find Our Lost Nutcrackers!                        <\/a>\n                    <\/h2>\n\n                    <div class=\"eltd-section-button-holder\">\n                        <div class=\"eltd-post-read-more-button\">\n<a itemprop=\"url\" href=\"https:\/\/villagevictoria.ca\/en\/casse-noisettes-perdus\/\" target=\"_self\"  class=\"eltd-btn eltd-btn-medium eltd-btn-simple eltd-blog-list-button\"  >    <span class=\"eltd-btn-text\"  >        Read more    <\/span>\t<\/a><\/div>\n                    <\/div>\n                <\/div>\n            <\/div>\n        <\/div>\n    <\/div>\n<\/li>    <\/ul>\n<\/div>\n[vc_empty_space height=&#8221;67px&#8221;][\/vc_column][\/vc_row]<\/p>\n","protected":false},"excerpt":{"rendered":"<p>[vc_row full_width=&#8221;stretch_row&#8221; css=&#8221;.vc_custom_1557360308746{background: #f1f2ea url(https:\/\/villagevictoria.ca\/wp-content\/uploads\/2019\/05\/hero-victoria-06.jpg?id=3589) !important;background-position: center !important;background-repeat: no-repeat !important;background-size: cover !important;}&#8221; el_class=&#8221;victoria-hero&#8221;][vc_column][vc_row_inner css=&#8221;.vc_custom_1499339385121{margin-top: -8.5% !important;}&#8221;][vc_column_inner][\/vc_column_inner][\/vc_row_inner][\/vc_column][\/vc_row][vc_row full_width=&#8221;stretch_row&#8221; css_animation=&#8221;none&#8221; css=&#8221;.vc_custom_1557349095094{margin-top: 0px !important;padding-top: 0px !important;background-color: #f1f2ea !important;background-position: center !important;background-repeat: no-repeat !important;background-size: cover !important;}&#8221; el_class=&#8221;nos-commerces&#8221;][vc_column css_animation=&#8221;none&#8221; css=&#8221;.vc_custom_1557346821074{margin-top: 0px !important;margin-bottom: 0px !important;padding-top: 0px !important;padding-bottom: [&hellip;]<\/p>\n","protected":false},"author":1,"featured_media":3635,"parent":0,"menu_order":0,"comment_status":"closed","ping_status":"closed","template":"","meta":{"ngg_post_thumbnail":0,"footnotes":""},"class_list":["post-3664","page","type-page","status-publish","has-post-thumbnail","hentry"],"acf":[],"yoast_head":"<!-- This site is optimized with the Yoast SEO plugin v20.4 - https:\/\/yoast.com\/wordpress\/plugins\/seo\/ -->\n<title>Village Victoria<\/title>\n<meta name=\"description\" content=\"Regroupement des commer\u00e7ants et professionnels situ\u00e9s sur la rue Sherbrooke et l\u2019avenue Victoria \u00e0 Westmount\" \/>\n<meta name=\"robots\" content=\"index, follow, max-snippet:-1, max-image-preview:large, max-video-preview:-1\" \/>\n<link rel=\"canonical\" href=\"https:\/\/villagevictoria.ca\/en\/fullscreen-home\/\" \/>\n<meta property=\"og:locale\" content=\"en_US\" \/>\n<meta property=\"og:type\" content=\"article\" \/>\n<meta property=\"og:title\" content=\"Village Victoria\" \/>\n<meta property=\"og:description\" content=\"Regroupement des commer\u00e7ants et professionnels situ\u00e9s sur la rue Sherbrooke et l\u2019avenue Victoria \u00e0 Westmount\" \/>\n<meta property=\"og:url\" content=\"https:\/\/villagevictoria.ca\/en\/fullscreen-home\/\" \/>\n<meta property=\"og:site_name\" content=\"Village Victoria\" \/>\n<meta property=\"article:publisher\" content=\"https:\/\/www.facebook.com\/WestmountVictoriaVillage\/\" \/>\n<meta property=\"article:modified_time\" content=\"2023-10-05T21:13:45+00:00\" \/>\n<meta property=\"og:image\" content=\"https:\/\/villagevictoria.ca\/wp-content\/uploads\/2019\/05\/hero-victoria-06.jpg\" \/>\n\t<meta property=\"og:image:width\" content=\"1400\" \/>\n\t<meta property=\"og:image:height\" content=\"686\" \/>\n\t<meta property=\"og:image:type\" content=\"image\/jpeg\" \/>\n<meta name=\"twitter:card\" content=\"summary_large_image\" \/>\n<meta name=\"twitter:site\" content=\"@WestmountVicto1\" \/>\n<meta name=\"twitter:label1\" content=\"Est. reading time\" \/>\n\t<meta name=\"twitter:data1\" content=\"1 minute\" \/>\n<script type=\"application\/ld+json\" class=\"yoast-schema-graph\">{\"@context\":\"https:\/\/schema.org\",\"@graph\":[{\"@type\":\"WebPage\",\"@id\":\"https:\/\/villagevictoria.ca\/en\/fullscreen-home\/\",\"url\":\"https:\/\/villagevictoria.ca\/en\/fullscreen-home\/\",\"name\":\"Village Victoria\",\"isPartOf\":{\"@id\":\"https:\/\/villagevictoria.ca\/fr\/#website\"},\"datePublished\":\"2017-06-07T09:32:13+00:00\",\"dateModified\":\"2023-10-05T21:13:45+00:00\",\"description\":\"Regroupement des commer\u00e7ants et professionnels situ\u00e9s sur la rue Sherbrooke et l\u2019avenue Victoria \u00e0 Westmount\",\"breadcrumb\":{\"@id\":\"https:\/\/villagevictoria.ca\/en\/fullscreen-home\/#breadcrumb\"},\"inLanguage\":\"en-US\",\"potentialAction\":[{\"@type\":\"ReadAction\",\"target\":[\"https:\/\/villagevictoria.ca\/en\/fullscreen-home\/\"]}]},{\"@type\":\"BreadcrumbList\",\"@id\":\"https:\/\/villagevictoria.ca\/en\/fullscreen-home\/#breadcrumb\",\"itemListElement\":[{\"@type\":\"ListItem\",\"position\":1,\"name\":\"Home\",\"item\":\"https:\/\/villagevictoria.ca\/en\/fullscreen-home\/\"},{\"@type\":\"ListItem\",\"position\":2,\"name\":\"Home\"}]},{\"@type\":\"WebSite\",\"@id\":\"https:\/\/villagevictoria.ca\/fr\/#website\",\"url\":\"https:\/\/villagevictoria.ca\/fr\/\",\"name\":\"Village Victoria\",\"description\":\"Rue Sherbrooke Ouest, Rue Victoria, de Claremont a Grosvenor, vos boutiques pr\u00e9f\u00e9r\u00e9es vous y attendent!\",\"publisher\":{\"@id\":\"https:\/\/villagevictoria.ca\/fr\/#organization\"},\"potentialAction\":[{\"@type\":\"SearchAction\",\"target\":{\"@type\":\"EntryPoint\",\"urlTemplate\":\"https:\/\/villagevictoria.ca\/fr\/?s={search_term_string}\"},\"query-input\":\"required name=search_term_string\"}],\"inLanguage\":\"en-US\"},{\"@type\":\"Organization\",\"@id\":\"https:\/\/villagevictoria.ca\/fr\/#organization\",\"name\":\"Westmount Victoria Village Merchants Association\",\"url\":\"https:\/\/villagevictoria.ca\/fr\/\",\"logo\":{\"@type\":\"ImageObject\",\"inLanguage\":\"en-US\",\"@id\":\"https:\/\/villagevictoria.ca\/fr\/#\/schema\/logo\/image\/\",\"url\":\"https:\/\/villagevictoria.ca\/wp-content\/uploads\/2019\/05\/VictoriaVillage_Logo_Westmount_Black.svg\",\"contentUrl\":\"https:\/\/villagevictoria.ca\/wp-content\/uploads\/2019\/05\/VictoriaVillage_Logo_Westmount_Black.svg\",\"width\":431,\"height\":430,\"caption\":\"Westmount Victoria Village Merchants Association\"},\"image\":{\"@id\":\"https:\/\/villagevictoria.ca\/fr\/#\/schema\/logo\/image\/\"},\"sameAs\":[\"https:\/\/www.facebook.com\/WestmountVictoriaVillage\/\",\"https:\/\/twitter.com\/WestmountVicto1\",\"https:\/\/www.linkedin.com\/company\/71197367\",\"https:\/\/www.youtube.com\/channel\/UCOO2QDr_DQdVnTeSTK6BJ2w\"]}]}<\/script>\n<!-- \/ Yoast SEO plugin. -->","yoast_head_json":{"title":"Village Victoria","description":"Regroupement des commer\u00e7ants et professionnels situ\u00e9s sur la rue Sherbrooke et l\u2019avenue Victoria \u00e0 Westmount","robots":{"index":"index","follow":"follow","max-snippet":"max-snippet:-1","max-image-preview":"max-image-preview:large","max-video-preview":"max-video-preview:-1"},"canonical":"https:\/\/villagevictoria.ca\/en\/fullscreen-home\/","og_locale":"en_US","og_type":"article","og_title":"Village Victoria","og_description":"Regroupement des commer\u00e7ants et professionnels situ\u00e9s sur la rue Sherbrooke et l\u2019avenue Victoria \u00e0 Westmount","og_url":"https:\/\/villagevictoria.ca\/en\/fullscreen-home\/","og_site_name":"Village Victoria","article_publisher":"https:\/\/www.facebook.com\/WestmountVictoriaVillage\/","article_modified_time":"2023-10-05T21:13:45+00:00","og_image":[{"width":1400,"height":686,"url":"https:\/\/villagevictoria.ca\/wp-content\/uploads\/2019\/05\/hero-victoria-06.jpg","type":"image\/jpeg"}],"twitter_card":"summary_large_image","twitter_site":"@WestmountVicto1","twitter_misc":{"Est. reading time":"1 minute"},"schema":{"@context":"https:\/\/schema.org","@graph":[{"@type":"WebPage","@id":"https:\/\/villagevictoria.ca\/en\/fullscreen-home\/","url":"https:\/\/villagevictoria.ca\/en\/fullscreen-home\/","name":"Village Victoria","isPartOf":{"@id":"https:\/\/villagevictoria.ca\/fr\/#website"},"datePublished":"2017-06-07T09:32:13+00:00","dateModified":"2023-10-05T21:13:45+00:00","description":"Regroupement des commer\u00e7ants et professionnels situ\u00e9s sur la rue Sherbrooke et l\u2019avenue Victoria \u00e0 Westmount","breadcrumb":{"@id":"https:\/\/villagevictoria.ca\/en\/fullscreen-home\/#breadcrumb"},"inLanguage":"en-US","potentialAction":[{"@type":"ReadAction","target":["https:\/\/villagevictoria.ca\/en\/fullscreen-home\/"]}]},{"@type":"BreadcrumbList","@id":"https:\/\/villagevictoria.ca\/en\/fullscreen-home\/#breadcrumb","itemListElement":[{"@type":"ListItem","position":1,"name":"Home","item":"https:\/\/villagevictoria.ca\/en\/fullscreen-home\/"},{"@type":"ListItem","position":2,"name":"Home"}]},{"@type":"WebSite","@id":"https:\/\/villagevictoria.ca\/fr\/#website","url":"https:\/\/villagevictoria.ca\/fr\/","name":"Village Victoria","description":"Rue Sherbrooke Ouest, Rue Victoria, de Claremont a Grosvenor, vos boutiques pr\u00e9f\u00e9r\u00e9es vous y attendent!","publisher":{"@id":"https:\/\/villagevictoria.ca\/fr\/#organization"},"potentialAction":[{"@type":"SearchAction","target":{"@type":"EntryPoint","urlTemplate":"https:\/\/villagevictoria.ca\/fr\/?s={search_term_string}"},"query-input":"required name=search_term_string"}],"inLanguage":"en-US"},{"@type":"Organization","@id":"https:\/\/villagevictoria.ca\/fr\/#organization","name":"Westmount Victoria Village Merchants Association","url":"https:\/\/villagevictoria.ca\/fr\/","logo":{"@type":"ImageObject","inLanguage":"en-US","@id":"https:\/\/villagevictoria.ca\/fr\/#\/schema\/logo\/image\/","url":"https:\/\/villagevictoria.ca\/wp-content\/uploads\/2019\/05\/VictoriaVillage_Logo_Westmount_Black.svg","contentUrl":"https:\/\/villagevictoria.ca\/wp-content\/uploads\/2019\/05\/VictoriaVillage_Logo_Westmount_Black.svg","width":431,"height":430,"caption":"Westmount Victoria Village Merchants Association"},"image":{"@id":"https:\/\/villagevictoria.ca\/fr\/#\/schema\/logo\/image\/"},"sameAs":["https:\/\/www.facebook.com\/WestmountVictoriaVillage\/","https:\/\/twitter.com\/WestmountVicto1","https:\/\/www.linkedin.com\/company\/71197367","https:\/\/www.youtube.com\/channel\/UCOO2QDr_DQdVnTeSTK6BJ2w"]}]}},"_links":{"self":[{"href":"https:\/\/villagevictoria.ca\/en\/wp-json\/wp\/v2\/pages\/3664","targetHints":{"allow":["GET"]}}],"collection":[{"href":"https:\/\/villagevictoria.ca\/en\/wp-json\/wp\/v2\/pages"}],"about":[{"href":"https:\/\/villagevictoria.ca\/en\/wp-json\/wp\/v2\/types\/page"}],"author":[{"embeddable":true,"href":"https:\/\/villagevictoria.ca\/en\/wp-json\/wp\/v2\/users\/1"}],"replies":[{"embeddable":true,"href":"https:\/\/villagevictoria.ca\/en\/wp-json\/wp\/v2\/comments?post=3664"}],"version-history":[{"count":0,"href":"https:\/\/villagevictoria.ca\/en\/wp-json\/wp\/v2\/pages\/3664\/revisions"}],"wp:featuredmedia":[{"embeddable":true,"href":"https:\/\/villagevictoria.ca\/en\/wp-json\/wp\/v2\/media\/3635"}],"wp:attachment":[{"href":"https:\/\/villagevictoria.ca\/en\/wp-json\/wp\/v2\/media?parent=3664"}],"curies":[{"name":"wp","href":"https:\/\/api.w.org\/{rel}","templated":true}]}}