{"id":2816,"date":"2019-05-03T14:07:04","date_gmt":"2019-05-03T18:07:04","guid":{"rendered":"https:\/\/villagevictoria.ca\/?page_id=2816"},"modified":"2025-02-12T20:38:50","modified_gmt":"2025-02-13T01:38:50","slug":"membres","status":"publish","type":"page","link":"https:\/\/villagevictoria.ca\/fr\/membres\/","title":{"rendered":"Membres"},"content":{"rendered":"<p>[vc_row][vc_column][vc_row_inner][vc_column_inner offset=\u00a0\u00bbvc_hidden-lg vc_hidden-md\u00a0\u00bb][vc_empty_space][\/vc_column_inner][\/vc_row_inner][vc_row_inner][vc_column_inner width=\u00a0\u00bb1\/3&Prime;][vc_column_text]Pour devenir membre, veuillez imprimer et remplir le formulaire suivant. <a href=\"https:\/\/villagevictoria.ca\/wp-content\/uploads\/2025\/02\/Victoria_Village_Formulaire-dinscription_2025.pdf\">Westmount Victoria Village Association des Marchands Formulaire d\u2019adh\u00e9sion 2025<\/a><\/p>\n<p>Merci de payer votre cotisation par ch\u00e8que \u00e0 l\u2019ordre de Westmount Victoria Village Merchants Association et de le retourner \u00e0 l\u2019adresse suivante :<\/p>\n<p><strong>Westmount Victoria Village Merchants Association<br \/>\n4916 Rue Sherbrooke<br \/>\nWestmount QC<br \/>\nH3Z 1H3<\/strong>[\/vc_column_text][\/vc_column_inner][vc_column_inner width=\u00a0\u00bb2\/3&Prime;][vc_single_image image=\u00a0\u00bb6001&Prime; img_size=\u00a0\u00bblarge\u00a0\u00bb alignment=\u00a0\u00bbcenter\u00a0\u00bb][\/vc_column_inner][\/vc_row_inner][vc_empty_space height=\u00a0\u00bb70px\u00a0\u00bb][\/vc_column][\/vc_row]<\/p>\n","protected":false},"excerpt":{"rendered":"<p>[vc_row][vc_column][vc_row_inner][vc_column_inner offset=\u00a0\u00bbvc_hidden-lg vc_hidden-md\u00a0\u00bb][vc_empty_space][\/vc_column_inner][\/vc_row_inner][vc_row_inner][vc_column_inner width=\u00a0\u00bb1\/3&Prime;][vc_column_text]Pour devenir membre, veuillez imprimer et remplir le formulaire suivant. Westmount Victoria Village Association des Marchands Formulaire d\u2019adh\u00e9sion 2025 Merci de payer votre cotisation par ch\u00e8que \u00e0 l\u2019ordre de Westmount Victoria Village Merchants Association et de le [&hellip;]<\/p>\n","protected":false},"author":1,"featured_media":3634,"parent":0,"menu_order":0,"comment_status":"closed","ping_status":"closed","template":"","meta":{"ngg_post_thumbnail":0,"footnotes":""},"class_list":["post-2816","page","type-page","status-publish","has-post-thumbnail","hentry"],"acf":[],"yoast_head":"<!-- This site is optimized with the Yoast SEO plugin v20.4 - https:\/\/yoast.com\/wordpress\/plugins\/seo\/ -->\n<title>Membres - Village Victoria<\/title>\n<meta name=\"robots\" content=\"index, follow, max-snippet:-1, max-image-preview:large, max-video-preview:-1\" \/>\n<link rel=\"canonical\" href=\"https:\/\/villagevictoria.ca\/fr\/membres\/\" \/>\n<meta property=\"og:locale\" content=\"fr_FR\" \/>\n<meta property=\"og:type\" content=\"article\" \/>\n<meta property=\"og:title\" content=\"Membres - Village Victoria\" \/>\n<meta property=\"og:description\" content=\"[vc_row][vc_column][vc_row_inner][vc_column_inner offset=\u00a0\u00bbvc_hidden-lg vc_hidden-md\u00a0\u00bb][vc_empty_space][\/vc_column_inner][\/vc_row_inner][vc_row_inner][vc_column_inner width=\u00a0\u00bb1\/3&Prime;][vc_column_text]Pour devenir membre, veuillez imprimer et remplir le formulaire suivant. Westmount Victoria Village Association des Marchands Formulaire d\u2019adh\u00e9sion 2025 Merci de payer votre cotisation par ch\u00e8que \u00e0 l\u2019ordre de Westmount Victoria Village Merchants Association et de le [&hellip;]\" \/>\n<meta property=\"og:url\" content=\"https:\/\/villagevictoria.ca\/fr\/membres\/\" \/>\n<meta property=\"og:site_name\" content=\"Village Victoria\" \/>\n<meta property=\"article:publisher\" content=\"https:\/\/www.facebook.com\/WestmountVictoriaVillage\/\" \/>\n<meta property=\"article:modified_time\" content=\"2025-02-13T01:38:50+00:00\" \/>\n<meta property=\"og:image\" content=\"https:\/\/villagevictoria.ca\/wp-content\/uploads\/2019\/05\/hero-victoria-06.jpg\" \/>\n\t<meta property=\"og:image:width\" content=\"1400\" \/>\n\t<meta property=\"og:image:height\" content=\"686\" \/>\n\t<meta property=\"og:image:type\" content=\"image\/jpeg\" \/>\n<meta name=\"twitter:card\" content=\"summary_large_image\" \/>\n<meta name=\"twitter:site\" content=\"@WestmountVicto1\" \/>\n<meta name=\"twitter:label1\" content=\"Dur\u00e9e de lecture estim\u00e9e\" \/>\n\t<meta name=\"twitter:data1\" content=\"1 minute\" \/>\n<script type=\"application\/ld+json\" class=\"yoast-schema-graph\">{\"@context\":\"https:\/\/schema.org\",\"@graph\":[{\"@type\":\"WebPage\",\"@id\":\"https:\/\/villagevictoria.ca\/fr\/membres\/\",\"url\":\"https:\/\/villagevictoria.ca\/fr\/membres\/\",\"name\":\"Membres - Village Victoria\",\"isPartOf\":{\"@id\":\"https:\/\/villagevictoria.ca\/fr\/#website\"},\"datePublished\":\"2019-05-03T18:07:04+00:00\",\"dateModified\":\"2025-02-13T01:38:50+00:00\",\"breadcrumb\":{\"@id\":\"https:\/\/villagevictoria.ca\/fr\/membres\/#breadcrumb\"},\"inLanguage\":\"fr-FR\",\"potentialAction\":[{\"@type\":\"ReadAction\",\"target\":[\"https:\/\/villagevictoria.ca\/fr\/membres\/\"]}]},{\"@type\":\"BreadcrumbList\",\"@id\":\"https:\/\/villagevictoria.ca\/fr\/membres\/#breadcrumb\",\"itemListElement\":[{\"@type\":\"ListItem\",\"position\":1,\"name\":\"Home\",\"item\":\"https:\/\/villagevictoria.ca\/fr\/\"},{\"@type\":\"ListItem\",\"position\":2,\"name\":\"Membres\"}]},{\"@type\":\"WebSite\",\"@id\":\"https:\/\/villagevictoria.ca\/fr\/#website\",\"url\":\"https:\/\/villagevictoria.ca\/fr\/\",\"name\":\"Village Victoria\",\"description\":\"Rue Sherbrooke Ouest, Rue Victoria, de Claremont a Grosvenor, vos boutiques pr\u00e9f\u00e9r\u00e9es vous y attendent!\",\"publisher\":{\"@id\":\"https:\/\/villagevictoria.ca\/fr\/#organization\"},\"potentialAction\":[{\"@type\":\"SearchAction\",\"target\":{\"@type\":\"EntryPoint\",\"urlTemplate\":\"https:\/\/villagevictoria.ca\/fr\/?s={search_term_string}\"},\"query-input\":\"required name=search_term_string\"}],\"inLanguage\":\"fr-FR\"},{\"@type\":\"Organization\",\"@id\":\"https:\/\/villagevictoria.ca\/fr\/#organization\",\"name\":\"Westmount Victoria Village Merchants Association\",\"url\":\"https:\/\/villagevictoria.ca\/fr\/\",\"logo\":{\"@type\":\"ImageObject\",\"inLanguage\":\"fr-FR\",\"@id\":\"https:\/\/villagevictoria.ca\/fr\/#\/schema\/logo\/image\/\",\"url\":\"https:\/\/villagevictoria.ca\/wp-content\/uploads\/2019\/05\/VictoriaVillage_Logo_Westmount_Black.svg\",\"contentUrl\":\"https:\/\/villagevictoria.ca\/wp-content\/uploads\/2019\/05\/VictoriaVillage_Logo_Westmount_Black.svg\",\"width\":431,\"height\":430,\"caption\":\"Westmount Victoria Village Merchants Association\"},\"image\":{\"@id\":\"https:\/\/villagevictoria.ca\/fr\/#\/schema\/logo\/image\/\"},\"sameAs\":[\"https:\/\/www.facebook.com\/WestmountVictoriaVillage\/\",\"https:\/\/twitter.com\/WestmountVicto1\",\"https:\/\/www.linkedin.com\/company\/71197367\",\"https:\/\/www.youtube.com\/channel\/UCOO2QDr_DQdVnTeSTK6BJ2w\"]}]}<\/script>\n<!-- \/ Yoast SEO plugin. -->","yoast_head_json":{"title":"Membres - Village Victoria","robots":{"index":"index","follow":"follow","max-snippet":"max-snippet:-1","max-image-preview":"max-image-preview:large","max-video-preview":"max-video-preview:-1"},"canonical":"https:\/\/villagevictoria.ca\/fr\/membres\/","og_locale":"fr_FR","og_type":"article","og_title":"Membres - Village Victoria","og_description":"[vc_row][vc_column][vc_row_inner][vc_column_inner offset=\u00a0\u00bbvc_hidden-lg vc_hidden-md\u00a0\u00bb][vc_empty_space][\/vc_column_inner][\/vc_row_inner][vc_row_inner][vc_column_inner width=\u00a0\u00bb1\/3&Prime;][vc_column_text]Pour devenir membre, veuillez imprimer et remplir le formulaire suivant. Westmount Victoria Village Association des Marchands Formulaire d\u2019adh\u00e9sion 2025 Merci de payer votre cotisation par ch\u00e8que \u00e0 l\u2019ordre de Westmount Victoria Village Merchants Association et de le [&hellip;]","og_url":"https:\/\/villagevictoria.ca\/fr\/membres\/","og_site_name":"Village Victoria","article_publisher":"https:\/\/www.facebook.com\/WestmountVictoriaVillage\/","article_modified_time":"2025-02-13T01:38:50+00:00","og_image":[{"width":1400,"height":686,"url":"https:\/\/villagevictoria.ca\/wp-content\/uploads\/2019\/05\/hero-victoria-06.jpg","type":"image\/jpeg"}],"twitter_card":"summary_large_image","twitter_site":"@WestmountVicto1","twitter_misc":{"Dur\u00e9e de lecture estim\u00e9e":"1 minute"},"schema":{"@context":"https:\/\/schema.org","@graph":[{"@type":"WebPage","@id":"https:\/\/villagevictoria.ca\/fr\/membres\/","url":"https:\/\/villagevictoria.ca\/fr\/membres\/","name":"Membres - Village Victoria","isPartOf":{"@id":"https:\/\/villagevictoria.ca\/fr\/#website"},"datePublished":"2019-05-03T18:07:04+00:00","dateModified":"2025-02-13T01:38:50+00:00","breadcrumb":{"@id":"https:\/\/villagevictoria.ca\/fr\/membres\/#breadcrumb"},"inLanguage":"fr-FR","potentialAction":[{"@type":"ReadAction","target":["https:\/\/villagevictoria.ca\/fr\/membres\/"]}]},{"@type":"BreadcrumbList","@id":"https:\/\/villagevictoria.ca\/fr\/membres\/#breadcrumb","itemListElement":[{"@type":"ListItem","position":1,"name":"Home","item":"https:\/\/villagevictoria.ca\/fr\/"},{"@type":"ListItem","position":2,"name":"Membres"}]},{"@type":"WebSite","@id":"https:\/\/villagevictoria.ca\/fr\/#website","url":"https:\/\/villagevictoria.ca\/fr\/","name":"Village Victoria","description":"Rue Sherbrooke Ouest, Rue Victoria, de Claremont a Grosvenor, vos boutiques pr\u00e9f\u00e9r\u00e9es vous y attendent!","publisher":{"@id":"https:\/\/villagevictoria.ca\/fr\/#organization"},"potentialAction":[{"@type":"SearchAction","target":{"@type":"EntryPoint","urlTemplate":"https:\/\/villagevictoria.ca\/fr\/?s={search_term_string}"},"query-input":"required name=search_term_string"}],"inLanguage":"fr-FR"},{"@type":"Organization","@id":"https:\/\/villagevictoria.ca\/fr\/#organization","name":"Westmount Victoria Village Merchants Association","url":"https:\/\/villagevictoria.ca\/fr\/","logo":{"@type":"ImageObject","inLanguage":"fr-FR","@id":"https:\/\/villagevictoria.ca\/fr\/#\/schema\/logo\/image\/","url":"https:\/\/villagevictoria.ca\/wp-content\/uploads\/2019\/05\/VictoriaVillage_Logo_Westmount_Black.svg","contentUrl":"https:\/\/villagevictoria.ca\/wp-content\/uploads\/2019\/05\/VictoriaVillage_Logo_Westmount_Black.svg","width":431,"height":430,"caption":"Westmount Victoria Village Merchants Association"},"image":{"@id":"https:\/\/villagevictoria.ca\/fr\/#\/schema\/logo\/image\/"},"sameAs":["https:\/\/www.facebook.com\/WestmountVictoriaVillage\/","https:\/\/twitter.com\/WestmountVicto1","https:\/\/www.linkedin.com\/company\/71197367","https:\/\/www.youtube.com\/channel\/UCOO2QDr_DQdVnTeSTK6BJ2w"]}]}},"_links":{"self":[{"href":"https:\/\/villagevictoria.ca\/fr\/wp-json\/wp\/v2\/pages\/2816","targetHints":{"allow":["GET"]}}],"collection":[{"href":"https:\/\/villagevictoria.ca\/fr\/wp-json\/wp\/v2\/pages"}],"about":[{"href":"https:\/\/villagevictoria.ca\/fr\/wp-json\/wp\/v2\/types\/page"}],"author":[{"embeddable":true,"href":"https:\/\/villagevictoria.ca\/fr\/wp-json\/wp\/v2\/users\/1"}],"replies":[{"embeddable":true,"href":"https:\/\/villagevictoria.ca\/fr\/wp-json\/wp\/v2\/comments?post=2816"}],"version-history":[{"count":0,"href":"https:\/\/villagevictoria.ca\/fr\/wp-json\/wp\/v2\/pages\/2816\/revisions"}],"wp:featuredmedia":[{"embeddable":true,"href":"https:\/\/villagevictoria.ca\/fr\/wp-json\/wp\/v2\/media\/3634"}],"wp:attachment":[{"href":"https:\/\/villagevictoria.ca\/fr\/wp-json\/wp\/v2\/media?parent=2816"}],"curies":[{"name":"wp","href":"https:\/\/api.w.org\/{rel}","templated":true}]}}