{"id":2818,"date":"2019-05-03T14:07:16","date_gmt":"2019-05-03T18:07:16","guid":{"rendered":"https:\/\/villagevictoria.ca\/?page_id=2818"},"modified":"2026-03-31T20:21:31","modified_gmt":"2026-04-01T00:21:31","slug":"contact","status":"publish","type":"page","link":"https:\/\/villagevictoria.ca\/fr\/contact\/","title":{"rendered":"Contact"},"content":{"rendered":"<p>[vc_row][vc_column][vc_row_inner][vc_column_inner offset=\u00a0\u00bbvc_hidden-lg vc_hidden-md\u00a0\u00bb][vc_empty_space][\/vc_column_inner][\/vc_row_inner][vc_row_inner][vc_column_inner width=\u00a0\u00bb2\/3&Prime;]<div class=\"wpforms-container wpforms-container-full\" id=\"wpforms-5321\"><form id=\"wpforms-form-5321\" class=\"wpforms-validate wpforms-form wpforms-ajax-form\" data-formid=\"5321\" method=\"post\" enctype=\"multipart\/form-data\" action=\"\/fr\/wp-json\/wp\/v2\/pages\/2818\" data-token=\"a96ee0695307724b2ef7fe616d3a9b45\"><noscript class=\"wpforms-error-noscript\">Veuillez activer JavaScript dans votre navigateur pour remplir ce formulaire.<\/noscript><div class=\"wpforms-field-container\"><div id=\"wpforms-5321-field_1-container\" class=\"wpforms-field wpforms-field-name\" data-field-id=\"1\"><label class=\"wpforms-field-label\" for=\"wpforms-5321-field_1\">Nom <span class=\"wpforms-required-label\">*<\/span><\/label><div class=\"wpforms-field-row wpforms-field-large\"><div class=\"wpforms-field-row-block wpforms-first wpforms-one-half\"><input type=\"text\" id=\"wpforms-5321-field_1\" class=\"wpforms-field-name-first wpforms-field-required\" name=\"wpforms[fields][1][first]\" required><label for=\"wpforms-5321-field_1\" class=\"wpforms-field-sublabel after \">Pr\u00e9nom<\/label><\/div><div class=\"wpforms-field-row-block wpforms-one-half\"><input type=\"text\" id=\"wpforms-5321-field_1-last\" class=\"wpforms-field-name-last wpforms-field-required\" name=\"wpforms[fields][1][last]\" required><label for=\"wpforms-5321-field_1-last\" class=\"wpforms-field-sublabel after \">Nom<\/label><\/div><\/div><\/div><div id=\"wpforms-5321-field_2-container\" class=\"wpforms-field wpforms-field-email\" data-field-id=\"2\"><label class=\"wpforms-field-label\" for=\"wpforms-5321-field_2\">Courriel <span class=\"wpforms-required-label\">*<\/span><\/label><input type=\"email\" id=\"wpforms-5321-field_2\" class=\"wpforms-field-large wpforms-field-required\" name=\"wpforms[fields][2]\" spellcheck=\"false\" required><\/div><div id=\"wpforms-5321-field_3-container\" class=\"wpforms-field wpforms-field-text\" data-field-id=\"3\"><label class=\"wpforms-field-label\" for=\"wpforms-5321-field_3\">Sujet <span class=\"wpforms-required-label\">*<\/span><\/label><input type=\"text\" id=\"wpforms-5321-field_3\" class=\"wpforms-field-large wpforms-field-required\" name=\"wpforms[fields][3]\" required><\/div><div id=\"wpforms-5321-field_4-container\" class=\"wpforms-field wpforms-field-textarea\" data-field-id=\"4\"><label class=\"wpforms-field-label\" for=\"wpforms-5321-field_4\">Message <span class=\"wpforms-required-label\">*<\/span><\/label><textarea id=\"wpforms-5321-field_4\" class=\"wpforms-field-large wpforms-field-required\" name=\"wpforms[fields][4]\" required><\/textarea><\/div><\/div><!-- .wpforms-field-container --><div class=\"wpforms-submit-container\" ><input type=\"hidden\" name=\"wpforms[id]\" value=\"5321\"><input type=\"hidden\" name=\"wpforms[author]\" value=\"1\"><button type=\"submit\" name=\"wpforms[submit]\" id=\"wpforms-submit-5321\" class=\"wpforms-submit\" data-alt-text=\"Envoi...\" data-submit-text=\"Envoi\" aria-live=\"assertive\" value=\"wpforms-submit\">Envoi<\/button><img loading=\"lazy\" decoding=\"async\" src=\"https:\/\/villagevictoria.ca\/wp-content\/plugins\/wpforms\/assets\/images\/submit-spin.svg\" class=\"wpforms-submit-spinner\" style=\"display: none;\" width=\"26\" height=\"26\" alt=\"Chargement en cours\"><\/div><\/form><\/div>  <!-- .wpforms-container -->[\/vc_column_inner][vc_column_inner width=\u00a0\u00bb1\/3&Prime;][vc_column_text]<\/p>\n<h4>Adresse<\/h4>\n<p><strong>Westmount Victoria Village Merchants Association<\/strong><br \/>\n4916 Rue Sherbrooke O.<br \/>\nWestmount, QC<br \/>\nH3Z 1H3<\/p>\n<p><strong>Contactez-nous<br \/>\n<\/strong><\/p>\n<p style=\"font-weight: 400;\">victoriavillagemerchants@gmail.com<\/p>\n<p style=\"font-weight: 400;\">&nbsp;<\/p>\n<p><strong>&nbsp;<\/strong>[\/vc_column_text][vc_column_text]<\/p>\n<h4>Suivez-nous<\/h4>\n<p>[\/vc_column_text][vc_empty_space height=\u00a0\u00bb10px\u00a0\u00bb]    <span class=\"eltd-icon-shortcode eltd-normal\"             data-hover-color=\"#1a3168\" data-color=\"#1a3168\">            <a itemprop=\"url\" class=\"\" href=\"https:\/\/www.facebook.com\/WestmountVictoriaVillage\/\" target=\"_blank\">                <i class=\"eltd-icon-ion-icon ion-social-facebook eltd-icon-element\" style=\"color: #1a3168;font-size:20px\" ><\/i>        <\/a>    <\/span>    <span class=\"eltd-icon-shortcode eltd-normal \" style=\"margin: 0 0 0 10px\"            data-hover-color=\"#1a3168\" data-color=\"#1a3168\">            <a itemprop=\"url\" class=\"\" href=\"https:\/\/www.instagram.com\/villagevictoria\" target=\"_blank\">                <i class=\"eltd-icon-ion-icon ion-social-instagram eltd-icon-element\" style=\"color: #1a3168\" ><\/i>        <\/a>    <\/span>[\/vc_column_inner][\/vc_row_inner][vc_empty_space height=\u00a0\u00bb70px\u00a0\u00bb][\/vc_column][\/vc_row]<\/p>\n","protected":false},"excerpt":{"rendered":"<p>[vc_row][vc_column][vc_row_inner][vc_column_inner offset=\u00a0\u00bbvc_hidden-lg vc_hidden-md\u00a0\u00bb][vc_empty_space][\/vc_column_inner][\/vc_row_inner][vc_row_inner][vc_column_inner width=\u00a0\u00bb2\/3&Prime;][\/vc_column_inner][vc_column_inner width=\u00a0\u00bb1\/3&Prime;][vc_column_text] Adresse Westmount Victoria Village Merchants Association 4916 Rue Sherbrooke O. Westmount, QC H3Z 1H3 Contactez-nous victoriavillagemerchants@gmail.com &nbsp; &nbsp;[\/vc_column_text][vc_column_text] Suivez-nous [\/vc_column_text][vc_empty_space height=\u00a0\u00bb10px\u00a0\u00bb][\/vc_column_inner][\/vc_row_inner][vc_empty_space height=\u00a0\u00bb70px\u00a0\u00bb][\/vc_column][\/vc_row]<\/p>\n","protected":false},"author":1,"featured_media":3634,"parent":0,"menu_order":0,"comment_status":"closed","ping_status":"closed","template":"","meta":{"ngg_post_thumbnail":0,"footnotes":""},"class_list":["post-2818","page","type-page","status-publish","has-post-thumbnail","hentry"],"acf":[],"yoast_head":"<!-- This site is optimized with the Yoast SEO plugin v20.4 - https:\/\/yoast.com\/wordpress\/plugins\/seo\/ -->\n<title>Contact - Village Victoria<\/title>\n<meta name=\"robots\" content=\"index, follow, max-snippet:-1, max-image-preview:large, max-video-preview:-1\" \/>\n<link rel=\"canonical\" href=\"https:\/\/villagevictoria.ca\/fr\/contact\/\" \/>\n<meta property=\"og:locale\" content=\"fr_FR\" \/>\n<meta property=\"og:type\" content=\"article\" \/>\n<meta property=\"og:title\" content=\"Contact - Village Victoria\" \/>\n<meta property=\"og:description\" content=\"[vc_row][vc_column][vc_row_inner][vc_column_inner offset=\u00a0\u00bbvc_hidden-lg vc_hidden-md\u00a0\u00bb][vc_empty_space][\/vc_column_inner][\/vc_row_inner][vc_row_inner][vc_column_inner width=\u00a0\u00bb2\/3&Prime;][\/vc_column_inner][vc_column_inner width=\u00a0\u00bb1\/3&Prime;][vc_column_text] Adresse Westmount Victoria Village Merchants Association 4916 Rue Sherbrooke O. Westmount, QC H3Z 1H3 Contactez-nous victoriavillagemerchants@gmail.com &nbsp; &nbsp;[\/vc_column_text][vc_column_text] Suivez-nous [\/vc_column_text][vc_empty_space height=\u00a0\u00bb10px\u00a0\u00bb][\/vc_column_inner][\/vc_row_inner][vc_empty_space height=\u00a0\u00bb70px\u00a0\u00bb][\/vc_column][\/vc_row]\" \/>\n<meta property=\"og:url\" content=\"https:\/\/villagevictoria.ca\/fr\/contact\/\" \/>\n<meta property=\"og:site_name\" content=\"Village Victoria\" \/>\n<meta property=\"article:publisher\" content=\"https:\/\/www.facebook.com\/WestmountVictoriaVillage\/\" \/>\n<meta property=\"article:modified_time\" content=\"2026-04-01T00:21:31+00:00\" \/>\n<meta property=\"og:image\" content=\"https:\/\/villagevictoria.ca\/wp-content\/uploads\/2019\/05\/hero-victoria-06.jpg\" \/>\n\t<meta property=\"og:image:width\" content=\"1400\" \/>\n\t<meta property=\"og:image:height\" content=\"686\" \/>\n\t<meta property=\"og:image:type\" content=\"image\/jpeg\" \/>\n<meta name=\"twitter:card\" content=\"summary_large_image\" \/>\n<meta name=\"twitter:site\" content=\"@WestmountVicto1\" \/>\n<meta name=\"twitter:label1\" content=\"Dur\u00e9e de lecture estim\u00e9e\" \/>\n\t<meta name=\"twitter:data1\" content=\"1 minute\" \/>\n<script type=\"application\/ld+json\" class=\"yoast-schema-graph\">{\"@context\":\"https:\/\/schema.org\",\"@graph\":[{\"@type\":\"WebPage\",\"@id\":\"https:\/\/villagevictoria.ca\/fr\/contact\/\",\"url\":\"https:\/\/villagevictoria.ca\/fr\/contact\/\",\"name\":\"Contact - Village Victoria\",\"isPartOf\":{\"@id\":\"https:\/\/villagevictoria.ca\/fr\/#website\"},\"datePublished\":\"2019-05-03T18:07:16+00:00\",\"dateModified\":\"2026-04-01T00:21:31+00:00\",\"breadcrumb\":{\"@id\":\"https:\/\/villagevictoria.ca\/fr\/contact\/#breadcrumb\"},\"inLanguage\":\"fr-FR\",\"potentialAction\":[{\"@type\":\"ReadAction\",\"target\":[\"https:\/\/villagevictoria.ca\/fr\/contact\/\"]}]},{\"@type\":\"BreadcrumbList\",\"@id\":\"https:\/\/villagevictoria.ca\/fr\/contact\/#breadcrumb\",\"itemListElement\":[{\"@type\":\"ListItem\",\"position\":1,\"name\":\"Home\",\"item\":\"https:\/\/villagevictoria.ca\/fr\/\"},{\"@type\":\"ListItem\",\"position\":2,\"name\":\"Contact\"}]},{\"@type\":\"WebSite\",\"@id\":\"https:\/\/villagevictoria.ca\/fr\/#website\",\"url\":\"https:\/\/villagevictoria.ca\/fr\/\",\"name\":\"Village Victoria\",\"description\":\"Rue Sherbrooke Ouest, Rue Victoria, de Claremont a Grosvenor, vos boutiques pr\u00e9f\u00e9r\u00e9es vous y attendent!\",\"publisher\":{\"@id\":\"https:\/\/villagevictoria.ca\/fr\/#organization\"},\"potentialAction\":[{\"@type\":\"SearchAction\",\"target\":{\"@type\":\"EntryPoint\",\"urlTemplate\":\"https:\/\/villagevictoria.ca\/fr\/?s={search_term_string}\"},\"query-input\":\"required name=search_term_string\"}],\"inLanguage\":\"fr-FR\"},{\"@type\":\"Organization\",\"@id\":\"https:\/\/villagevictoria.ca\/fr\/#organization\",\"name\":\"Westmount Victoria Village Merchants Association\",\"url\":\"https:\/\/villagevictoria.ca\/fr\/\",\"logo\":{\"@type\":\"ImageObject\",\"inLanguage\":\"fr-FR\",\"@id\":\"https:\/\/villagevictoria.ca\/fr\/#\/schema\/logo\/image\/\",\"url\":\"https:\/\/villagevictoria.ca\/wp-content\/uploads\/2019\/05\/VictoriaVillage_Logo_Westmount_Black.svg\",\"contentUrl\":\"https:\/\/villagevictoria.ca\/wp-content\/uploads\/2019\/05\/VictoriaVillage_Logo_Westmount_Black.svg\",\"width\":431,\"height\":430,\"caption\":\"Westmount Victoria Village Merchants Association\"},\"image\":{\"@id\":\"https:\/\/villagevictoria.ca\/fr\/#\/schema\/logo\/image\/\"},\"sameAs\":[\"https:\/\/www.facebook.com\/WestmountVictoriaVillage\/\",\"https:\/\/twitter.com\/WestmountVicto1\",\"https:\/\/www.linkedin.com\/company\/71197367\",\"https:\/\/www.youtube.com\/channel\/UCOO2QDr_DQdVnTeSTK6BJ2w\"]}]}<\/script>\n<!-- \/ Yoast SEO plugin. -->","yoast_head_json":{"title":"Contact - Village Victoria","robots":{"index":"index","follow":"follow","max-snippet":"max-snippet:-1","max-image-preview":"max-image-preview:large","max-video-preview":"max-video-preview:-1"},"canonical":"https:\/\/villagevictoria.ca\/fr\/contact\/","og_locale":"fr_FR","og_type":"article","og_title":"Contact - Village Victoria","og_description":"[vc_row][vc_column][vc_row_inner][vc_column_inner offset=\u00a0\u00bbvc_hidden-lg vc_hidden-md\u00a0\u00bb][vc_empty_space][\/vc_column_inner][\/vc_row_inner][vc_row_inner][vc_column_inner width=\u00a0\u00bb2\/3&Prime;][\/vc_column_inner][vc_column_inner width=\u00a0\u00bb1\/3&Prime;][vc_column_text] Adresse Westmount Victoria Village Merchants Association 4916 Rue Sherbrooke O. Westmount, QC H3Z 1H3 Contactez-nous victoriavillagemerchants@gmail.com &nbsp; &nbsp;[\/vc_column_text][vc_column_text] Suivez-nous [\/vc_column_text][vc_empty_space height=\u00a0\u00bb10px\u00a0\u00bb][\/vc_column_inner][\/vc_row_inner][vc_empty_space height=\u00a0\u00bb70px\u00a0\u00bb][\/vc_column][\/vc_row]","og_url":"https:\/\/villagevictoria.ca\/fr\/contact\/","og_site_name":"Village Victoria","article_publisher":"https:\/\/www.facebook.com\/WestmountVictoriaVillage\/","article_modified_time":"2026-04-01T00:21:31+00:00","og_image":[{"width":1400,"height":686,"url":"https:\/\/villagevictoria.ca\/wp-content\/uploads\/2019\/05\/hero-victoria-06.jpg","type":"image\/jpeg"}],"twitter_card":"summary_large_image","twitter_site":"@WestmountVicto1","twitter_misc":{"Dur\u00e9e de lecture estim\u00e9e":"1 minute"},"schema":{"@context":"https:\/\/schema.org","@graph":[{"@type":"WebPage","@id":"https:\/\/villagevictoria.ca\/fr\/contact\/","url":"https:\/\/villagevictoria.ca\/fr\/contact\/","name":"Contact - Village Victoria","isPartOf":{"@id":"https:\/\/villagevictoria.ca\/fr\/#website"},"datePublished":"2019-05-03T18:07:16+00:00","dateModified":"2026-04-01T00:21:31+00:00","breadcrumb":{"@id":"https:\/\/villagevictoria.ca\/fr\/contact\/#breadcrumb"},"inLanguage":"fr-FR","potentialAction":[{"@type":"ReadAction","target":["https:\/\/villagevictoria.ca\/fr\/contact\/"]}]},{"@type":"BreadcrumbList","@id":"https:\/\/villagevictoria.ca\/fr\/contact\/#breadcrumb","itemListElement":[{"@type":"ListItem","position":1,"name":"Home","item":"https:\/\/villagevictoria.ca\/fr\/"},{"@type":"ListItem","position":2,"name":"Contact"}]},{"@type":"WebSite","@id":"https:\/\/villagevictoria.ca\/fr\/#website","url":"https:\/\/villagevictoria.ca\/fr\/","name":"Village Victoria","description":"Rue Sherbrooke Ouest, Rue Victoria, de Claremont a Grosvenor, vos boutiques pr\u00e9f\u00e9r\u00e9es vous y attendent!","publisher":{"@id":"https:\/\/villagevictoria.ca\/fr\/#organization"},"potentialAction":[{"@type":"SearchAction","target":{"@type":"EntryPoint","urlTemplate":"https:\/\/villagevictoria.ca\/fr\/?s={search_term_string}"},"query-input":"required name=search_term_string"}],"inLanguage":"fr-FR"},{"@type":"Organization","@id":"https:\/\/villagevictoria.ca\/fr\/#organization","name":"Westmount Victoria Village Merchants Association","url":"https:\/\/villagevictoria.ca\/fr\/","logo":{"@type":"ImageObject","inLanguage":"fr-FR","@id":"https:\/\/villagevictoria.ca\/fr\/#\/schema\/logo\/image\/","url":"https:\/\/villagevictoria.ca\/wp-content\/uploads\/2019\/05\/VictoriaVillage_Logo_Westmount_Black.svg","contentUrl":"https:\/\/villagevictoria.ca\/wp-content\/uploads\/2019\/05\/VictoriaVillage_Logo_Westmount_Black.svg","width":431,"height":430,"caption":"Westmount Victoria Village Merchants Association"},"image":{"@id":"https:\/\/villagevictoria.ca\/fr\/#\/schema\/logo\/image\/"},"sameAs":["https:\/\/www.facebook.com\/WestmountVictoriaVillage\/","https:\/\/twitter.com\/WestmountVicto1","https:\/\/www.linkedin.com\/company\/71197367","https:\/\/www.youtube.com\/channel\/UCOO2QDr_DQdVnTeSTK6BJ2w"]}]}},"_links":{"self":[{"href":"https:\/\/villagevictoria.ca\/fr\/wp-json\/wp\/v2\/pages\/2818","targetHints":{"allow":["GET"]}}],"collection":[{"href":"https:\/\/villagevictoria.ca\/fr\/wp-json\/wp\/v2\/pages"}],"about":[{"href":"https:\/\/villagevictoria.ca\/fr\/wp-json\/wp\/v2\/types\/page"}],"author":[{"embeddable":true,"href":"https:\/\/villagevictoria.ca\/fr\/wp-json\/wp\/v2\/users\/1"}],"replies":[{"embeddable":true,"href":"https:\/\/villagevictoria.ca\/fr\/wp-json\/wp\/v2\/comments?post=2818"}],"version-history":[{"count":0,"href":"https:\/\/villagevictoria.ca\/fr\/wp-json\/wp\/v2\/pages\/2818\/revisions"}],"wp:featuredmedia":[{"embeddable":true,"href":"https:\/\/villagevictoria.ca\/fr\/wp-json\/wp\/v2\/media\/3634"}],"wp:attachment":[{"href":"https:\/\/villagevictoria.ca\/fr\/wp-json\/wp\/v2\/media?parent=2818"}],"curies":[{"name":"wp","href":"https:\/\/api.w.org\/{rel}","templated":true}]}}