{"id":325,"date":"2017-06-07T09:32:13","date_gmt":"2017-06-07T09:32:13","guid":{"rendered":"http:\/\/findme.elated-themes.com\/?page_id=325"},"modified":"2023-10-05T17:14:25","modified_gmt":"2023-10-05T21:14:25","slug":"fullscreen-home","status":"publish","type":"page","link":"https:\/\/villagevictoria.ca\/fr\/","title":{"rendered":"Home"},"content":{"rendered":"<p>[vc_row full_width=\u00a0\u00bbstretch_row\u00a0\u00bb css=\u00a0\u00bb.vc_custom_1557360308746{background: #f1f2ea url(https:\/\/villagevictoria.ca\/wp-content\/uploads\/2019\/05\/hero-victoria-06.jpg?id=3589) !important;background-position: center !important;background-repeat: no-repeat !important;background-size: cover !important;}\u00a0\u00bb el_class=\u00a0\u00bbvictoria-hero\u00a0\u00bb][vc_column][vc_row_inner css=\u00a0\u00bb.vc_custom_1499339385121{margin-top: -8.5% !important;}\u00a0\u00bb][vc_column_inner][\/vc_column_inner][\/vc_row_inner][\/vc_column][\/vc_row][vc_row full_width=\u00a0\u00bbstretch_row\u00a0\u00bb css_animation=\u00a0\u00bbnone\u00a0\u00bb css=\u00a0\u00bb.vc_custom_1557349095094{margin-top: 0px !important;padding-top: 0px !important;background-color: #f1f2ea !important;background-position: center !important;background-repeat: no-repeat !important;background-size: cover !important;}\u00a0\u00bb el_class=\u00a0\u00bbnos-commerces\u00a0\u00bb][vc_column css_animation=\u00a0\u00bbnone\u00a0\u00bb css=\u00a0\u00bb.vc_custom_1557346821074{margin-top: 0px !important;margin-bottom: 0px !important;padding-top: 0px !important;padding-bottom: 0px !important;}\u00a0\u00bb][vc_empty_space height=\u00a0\u00bb67px\u00a0\u00bb]<div class=\"eltd-section-title-holder\" style=\"text-align: center\">\n\t\t\t<h2 class=\"eltd-st-title\" style=\"color: #1a3168\">\n\n            <span class=\"eltd-section-title-inner-wrapper\">\n\n                Nos commerces\n            <\/span>\n\n\n\t\t<\/h2>\n\t\n\t\t\t<p class=\"eltd-st-text\" style=\"color: #808080;font-size: 18px\">D\u00e9couvrez votre village<\/p>\n\t\n<\/div>\n[vc_empty_space height=\u00a0\u00bb40px\u00a0\u00bb]\n<div class=\"eltd-ls-gallery-normal-space eltd-ls-categories-holder eltd-ls-category-gallery clearfix eltd-ls-gallery-four-columns\">\n\t<div class=\"eltd-ls-gallery-inner clearfix\">\n\t\t<div class=\"eltd-ls-gallery-sizer\"><\/div>\n\t\t<article class=\"eltd-ls-item eltd-ls-gallery-item eltd-ls-gallery-standard eltd-ls-gallery-rec-portrait \" >\n\n    <div class=\"eltd-ls-item-inner\">\n\n        \t        <a href=\"https:\/\/villagevictoria.ca\/fr\/categorie-commerce\/alimentation\/\" class=\"eltd-ls-gallery-item-overlay\"><\/a>\n        \n        <div class=\"eltd-ls-gallery-item-wrapper\">\n\n            <div class=\"eltd-ls-cat-icon eltd-regular-icon\"><i class=\"eltd-icon-ion-icon ion-coffee \" ><\/i><\/div>\n            <div class=\"eltd-ls-gallery-item-text\">\n\n                <h3 class=\"eltd-gallery-item-title\">\n                    Alimentation                <\/h3>\n\n                \n                    <div class=\"eltd-ls-gallery-item-desc\">\n                        <p>Caf\u00e9s, boulangeries, traiteurs, pr\u00eats-\u00e0-manger<\/p>\n                    <\/div>\n\n                \n            <\/div>\n\n        <\/div>\n        <div class=\"eltd-ls-item-bgrnd\" style=\"background-image: url(https:\/\/villagevictoria.ca\/wp-content\/uploads\/2019\/05\/alimentation.jpg)\"><\/div>\n\t   \n    <\/div>\n\n<\/article><article class=\"eltd-ls-item eltd-ls-gallery-item eltd-ls-gallery-standard eltd-ls-gallery-square-small \" >\n\n    <div class=\"eltd-ls-item-inner\">\n\n        \t        <a href=\"https:\/\/villagevictoria.ca\/fr\/categorie-commerce\/services-professionnels\/\" class=\"eltd-ls-gallery-item-overlay\"><\/a>\n        \n        <div class=\"eltd-ls-gallery-item-wrapper\">\n\n            <div class=\"eltd-ls-cat-icon eltd-regular-icon\"><i class=\"eltd-icon-ion-icon ion-briefcase \" ><\/i><\/div>\n            <div class=\"eltd-ls-gallery-item-text\">\n\n                <h3 class=\"eltd-gallery-item-title\">\n                    Services professionnels                <\/h3>\n\n                \n            <\/div>\n\n        <\/div>\n        <div class=\"eltd-ls-item-bgrnd\" style=\"background-image: url(https:\/\/villagevictoria.ca\/wp-content\/uploads\/2019\/05\/services-professionnels-greene.jpg)\"><\/div>\n\t   \n    <\/div>\n\n<\/article><article class=\"eltd-ls-item eltd-ls-gallery-item eltd-ls-gallery-standard eltd-ls-gallery-square-small \" >\n\n    <div class=\"eltd-ls-item-inner\">\n\n        \t        <a href=\"https:\/\/villagevictoria.ca\/fr\/categorie-commerce\/mode-et-magasinage\/\" class=\"eltd-ls-gallery-item-overlay\"><\/a>\n        \n        <div class=\"eltd-ls-gallery-item-wrapper\">\n\n            <div class=\"eltd-ls-cat-icon eltd-regular-icon\"><i class=\"eltd-icon-ion-icon ion-bag \" ><\/i><\/div>\n            <div class=\"eltd-ls-gallery-item-text\">\n\n                <h3 class=\"eltd-gallery-item-title\">\n                    Mode et magasinage                <\/h3>\n\n                \n            <\/div>\n\n        <\/div>\n        <div class=\"eltd-ls-item-bgrnd\" style=\"background-image: url(https:\/\/villagevictoria.ca\/wp-content\/uploads\/2019\/05\/mode-magasinage.jpg)\"><\/div>\n\t   \n    <\/div>\n\n<\/article><article class=\"eltd-ls-item eltd-ls-gallery-item eltd-ls-gallery-standard eltd-ls-gallery-square-small \" >\n\n    <div class=\"eltd-ls-item-inner\">\n\n        \t        <a href=\"https:\/\/villagevictoria.ca\/fr\/categorie-commerce\/autres\/\" class=\"eltd-ls-gallery-item-overlay\"><\/a>\n        \n        <div class=\"eltd-ls-gallery-item-wrapper\">\n\n            <div class=\"eltd-ls-cat-icon eltd-regular-icon\"><i class=\"eltd-icon-ion-icon ion-pin \" ><\/i><\/div>\n            <div class=\"eltd-ls-gallery-item-text\">\n\n                <h3 class=\"eltd-gallery-item-title\">\n                    Autres                <\/h3>\n\n                \n            <\/div>\n\n        <\/div>\n        <div class=\"eltd-ls-item-bgrnd\" style=\"background-image: url(https:\/\/villagevictoria.ca\/wp-content\/uploads\/2019\/05\/autres-1.jpg)\"><\/div>\n\t   \n    <\/div>\n\n<\/article><article class=\"eltd-ls-item eltd-ls-gallery-item eltd-ls-gallery-standard eltd-ls-gallery-square-small \" >\n\n    <div class=\"eltd-ls-item-inner\">\n\n        \t        <a href=\"https:\/\/villagevictoria.ca\/fr\/categorie-commerce\/art-et-culture\/\" class=\"eltd-ls-gallery-item-overlay\"><\/a>\n        \n        <div class=\"eltd-ls-gallery-item-wrapper\">\n\n            <div class=\"eltd-ls-cat-icon eltd-regular-icon\"><i class=\"eltd-icon-ion-icon ion-paintbrush \" ><\/i><\/div>\n            <div class=\"eltd-ls-gallery-item-text\">\n\n                <h3 class=\"eltd-gallery-item-title\">\n                    Art et culture                <\/h3>\n\n                \n            <\/div>\n\n        <\/div>\n        <div class=\"eltd-ls-item-bgrnd\" style=\"background-image: url(https:\/\/villagevictoria.ca\/wp-content\/uploads\/2019\/05\/centre-arts-visuels-02.jpg)\"><\/div>\n\t   \n    <\/div>\n\n<\/article><article class=\"eltd-ls-item eltd-ls-gallery-item eltd-ls-gallery-standard eltd-ls-gallery-square-small \" >\n\n    <div class=\"eltd-ls-item-inner\">\n\n        \t        <a href=\"https:\/\/villagevictoria.ca\/fr\/categorie-commerce\/beaute-et-bien-etre\/\" class=\"eltd-ls-gallery-item-overlay\"><\/a>\n        \n        <div class=\"eltd-ls-gallery-item-wrapper\">\n\n            <div class=\"eltd-ls-cat-icon eltd-regular-icon\"><i class=\"eltd-icon-ion-icon ion-scissors \" ><\/i><\/div>\n            <div class=\"eltd-ls-gallery-item-text\">\n\n                <h3 class=\"eltd-gallery-item-title\">\n                    Beaut\u00e9 et bien-\u00eatre                <\/h3>\n\n                \n            <\/div>\n\n        <\/div>\n        <div class=\"eltd-ls-item-bgrnd\" style=\"background-image: url(https:\/\/villagevictoria.ca\/wp-content\/uploads\/2019\/05\/beaute-greene.jpg)\"><\/div>\n\t   \n    <\/div>\n\n<\/article><article class=\"eltd-ls-item eltd-ls-gallery-item eltd-ls-gallery-standard eltd-ls-gallery-square-small \" >\n\n    <div class=\"eltd-ls-item-inner\">\n\n        \t        <a href=\"https:\/\/villagevictoria.ca\/fr\/categorie-commerce\/restaurants-et-bars\/\" class=\"eltd-ls-gallery-item-overlay\"><\/a>\n        \n        <div class=\"eltd-ls-gallery-item-wrapper\">\n\n            <div class=\"eltd-ls-cat-icon eltd-regular-icon\"><i class=\"eltd-icon-ion-icon ion-wineglass \" ><\/i><\/div>\n            <div class=\"eltd-ls-gallery-item-text\">\n\n                <h3 class=\"eltd-gallery-item-title\">\n                    Restaurants et bars                <\/h3>\n\n                \n            <\/div>\n\n        <\/div>\n        <div class=\"eltd-ls-item-bgrnd\" style=\"background-image: url(https:\/\/villagevictoria.ca\/wp-content\/uploads\/2019\/05\/restaurants-bars.jpg)\"><\/div>\n\t   \n    <\/div>\n\n<\/article>\t<\/div>\n\t<\/div>[vc_empty_space height=\u00a0\u00bb67px\u00a0\u00bb][\/vc_column][\/vc_row][vc_row full_width=\u00a0\u00bbstretch_row\u00a0\u00bb equal_height=\u00a0\u00bbyes\u00a0\u00bb css=\u00a0\u00bb.vc_custom_1557349352402{background-color: #d3e9cc !important;}\u00a0\u00bb el_class=\u00a0\u00bbsignup-newsletter\u00a0\u00bb][vc_column css=\u00a0\u00bb.vc_custom_1557349398908{margin-top: 0px !important;margin-bottom: 0px !important;padding-top: 0px !important;padding-bottom: 0px !important;}\u00a0\u00bb][vc_row_inner equal_height=\u00a0\u00bbyes\u00a0\u00bb content_placement=\u00a0\u00bbmiddle\u00a0\u00bb css=\u00a0\u00bb.vc_custom_1557349368740{margin-top: 0px !important;margin-right: 0px !important;margin-bottom: 0px !important;margin-left: 0px !important;padding-top: 0px !important;padding-right: 0px !important;padding-bottom: 0px !important;padding-left: 0px !important;}\u00a0\u00bb][vc_column_inner width=\u00a0\u00bb1\/4&Prime;]<div class=\"eltd-section-title-holder\" style=\"text-align: left\">\n\t\t\t<h4 class=\"eltd-st-title\" style=\"color: #1a3168\">\n\n            <span class=\"eltd-section-title-inner-wrapper\">\n\n                Inscrivez-vous \u00e0 l&#039;infolettre\n            <\/span>\n\n\n\t\t<\/h4>\n\t\n\t\n<\/div>\n[\/vc_column_inner][vc_column_inner width=\u00a0\u00bb3\/4&Prime;][vc_column_text css=\u00a0\u00bb.vc_custom_1557430115164{margin-top: 0px !important;margin-bottom: 0px !important;padding-top: 0px !important;padding-bottom: 0px !important;}\u00a0\u00bb]\n\t<section id=\"yikes-mailchimp-container-1\" class=\"yikes-mailchimp-container yikes-mailchimp-container-1 \">\n\t\t\t\t<form id=\"homepage-fr-1\" class=\"yikes-easy-mc-form yikes-easy-mc-form-1 yikes-mailchimp-form-inline  \" method=\"POST\" data-attr-form-id=\"1\">\n\n\t\t\t\t\t\t\t\t\t\t\t\t\t<label for=\"yikes-easy-mc-form-1-EMAIL\"  class=\"label-inline EMAIL-label yikes-mailchimp-field-required \">\n\n\t\t\t\t\t\t\t\t\t\t<!-- dictate label visibility -->\n\t\t\t\t\t\t\t\t\t\t\n\t\t\t\t\t\t\t\t\t\t<!-- Description Above -->\n\t\t\t\t\t\t\t\t\t\t\n\t\t\t\t\t\t\t\t\t\t<input id=\"yikes-easy-mc-form-1-EMAIL\"  name=\"EMAIL\"  placeholder=\"Courriel\"  class=\"yikes-easy-mc-email wpcf7-form-control wpcf7-text field-no-label\"  required=\"required\" type=\"email\"  value=\"\">\n\n\t\t\t\t\t\t\t\t\t\t<!-- Description Below -->\n\t\t\t\t\t\t\t\t\t\t\n\t\t\t\t\t\t\t\t\t<\/label>\n\t\t\t\t\t\t\t\t\t\n\t\t\t\t<!-- Honeypot Trap -->\n\t\t\t\t<input type=\"hidden\" name=\"yikes-mailchimp-honeypot\" id=\"yikes-mailchimp-honeypot-1\" value=\"\">\n\n\t\t\t\t<!-- List ID -->\n\t\t\t\t<input type=\"hidden\" name=\"yikes-mailchimp-associated-list-id\" id=\"yikes-mailchimp-associated-list-id-1\" value=\"833d5cac4b\">\n\n\t\t\t\t<!-- The form that is being submitted! Used to display error\/success messages above the correct form -->\n\t\t\t\t<input type=\"hidden\" name=\"yikes-mailchimp-submitted-form\" id=\"yikes-mailchimp-submitted-form-1\" value=\"1\">\n\n\t\t\t\t<!-- Submit Button -->\n\t\t\t\t<label class=\"empty-form-inline-label submit-button-inline-label\"><span class=\"empty-label labels-hidden\">&nbsp;<\/span><button type=\"submit\" class=\"yikes-easy-mc-submit-button yikes-easy-mc-submit-button-1 btn btn-primary wpcf7-form-control wpcf7-submit\"> <span class=\"yikes-mailchimp-submit-button-span-text\">Inscription<\/span><\/button><\/label>\t\t\t\t<!-- Nonce Security Check -->\n\t\t\t\t<input type=\"hidden\" id=\"yikes_easy_mc_new_subscriber_1\" name=\"yikes_easy_mc_new_subscriber\" value=\"cc8ba63ab1\">\n\t\t\t\t<input type=\"hidden\" name=\"_wp_http_referer\" value=\"\/fr\/wp-json\/wp\/v2\/pages\/325\" \/>\n\t\t\t<\/form>\n\t\t\t<!-- Mailchimp Form generated by Easy Forms for Mailchimp v6.8.8 (https:\/\/wordpress.org\/plugins\/yikes-inc-easy-mailchimp-extender\/) -->\n\n\t\t\t<\/section>\n\t[\/vc_column_text][\/vc_column_inner][\/vc_row_inner][\/vc_column][\/vc_row][vc_row][vc_column][vc_empty_space height=\u00a0\u00bb67px\u00a0\u00bb]<div class=\"eltd-section-title-holder\" style=\"text-align: center\">\n\t\t\t<h1 class=\"eltd-st-title\" style=\"color: #2a2a2a\">\n\n            <span class=\"eltd-section-title-inner-wrapper\">\n\n                Nouvelles!\n            <\/span>\n\n\n\t\t<\/h1>\n\t\n\t\n<\/div>\n[vc_empty_space]<div class=\"eltd-blog-slider-holder\">\n    <ul class=\"eltd-blog-slider eltd-owl-slider\" data-number-of-items=\"2\" data-slider-margin=\"15\" data-enable-center=\"yes\" data-enable-navigation=\"no\" data-enable-pagination=\"yes\">\n        <li class=\"eltd-blog-slider-item\">\n    <div class=\"eltd-blog-slider-item-inner\">\n        <div class=\"eltd-item-image clearfix\">\n            <a itemprop=\"url\" href=\"https:\/\/villagevictoria.ca\/fr\/casse-noisettes-perdus\/\">\n                <img loading=\"lazy\" decoding=\"async\" width=\"1536\" height=\"2048\" src=\"https:\/\/villagevictoria.ca\/wp-content\/uploads\/2025\/12\/d789e8ed-d9b6-447b-b636-003e7f369b9c.jpeg\" class=\"attachment-full size-full wp-post-image\" alt=\"\" srcset=\"https:\/\/villagevictoria.ca\/wp-content\/uploads\/2025\/12\/d789e8ed-d9b6-447b-b636-003e7f369b9c.jpeg 1536w, https:\/\/villagevictoria.ca\/wp-content\/uploads\/2025\/12\/d789e8ed-d9b6-447b-b636-003e7f369b9c-225x300.jpeg 225w, https:\/\/villagevictoria.ca\/wp-content\/uploads\/2025\/12\/d789e8ed-d9b6-447b-b636-003e7f369b9c-768x1024.jpeg 768w, https:\/\/villagevictoria.ca\/wp-content\/uploads\/2025\/12\/d789e8ed-d9b6-447b-b636-003e7f369b9c-1152x1536.jpeg 1152w\" sizes=\"auto, (max-width: 1536px) 100vw, 1536px\" \/>            <\/a>\n        <\/div>\n        <div class=\"eltd-item-text-wrapper\">\n            <div class=\"eltd-item-text-holder\">\n                <div class=\"eltd-item-text-holder-inner\">\n                                            <div class=\"eltd-item-info-section\">\n                            <div itemprop=\"dateCreated\" class=\"eltd-post-info-date entry-date published updated\">\n            <a itemprop=\"url\" href=\"https:\/\/villagevictoria.ca\/fr\/2025\/12\/\">\n            <i class=\"eltd-icon-simple-line-icon icon-calender \" ><\/i>        11 d\u00e9cembre, 2025        <\/a>\n    <meta itemprop=\"interactionCount\" content=\"UserComments: 0\"\/>\n<\/div>                                                                                                            <\/div>\n                    \n                    <h2 itemprop=\"name\" class=\"eltd-item-title entry-title\">\n                        <a itemprop=\"url\" href=\"https:\/\/villagevictoria.ca\/fr\/casse-noisettes-perdus\/\">\n                            Casse-noisettes perdus !                        <\/a>\n                    <\/h2>\n\n                    <div class=\"eltd-section-button-holder\">\n                        <div class=\"eltd-post-read-more-button\">\n<a itemprop=\"url\" href=\"https:\/\/villagevictoria.ca\/fr\/casse-noisettes-perdus\/\" target=\"_self\"  class=\"eltd-btn eltd-btn-medium eltd-btn-simple eltd-blog-list-button\"  >    <span class=\"eltd-btn-text\"  >        Lire la suite    <\/span>\t<\/a><\/div>\n                    <\/div>\n                <\/div>\n            <\/div>\n        <\/div>\n    <\/div>\n<\/li>    <\/ul>\n<\/div>\n[vc_empty_space][\/vc_column][\/vc_row]<\/p>\n","protected":false},"excerpt":{"rendered":"<p>[vc_row full_width=\u00a0\u00bbstretch_row\u00a0\u00bb css=\u00a0\u00bb.vc_custom_1557360308746{background: #f1f2ea url(https:\/\/villagevictoria.ca\/wp-content\/uploads\/2019\/05\/hero-victoria-06.jpg?id=3589) !important;background-position: center !important;background-repeat: no-repeat !important;background-size: cover !important;}\u00a0\u00bb el_class=\u00a0\u00bbvictoria-hero\u00a0\u00bb][vc_column][vc_row_inner css=\u00a0\u00bb.vc_custom_1499339385121{margin-top: -8.5% !important;}\u00a0\u00bb][vc_column_inner][\/vc_column_inner][\/vc_row_inner][\/vc_column][\/vc_row][vc_row full_width=\u00a0\u00bbstretch_row\u00a0\u00bb css_animation=\u00a0\u00bbnone\u00a0\u00bb css=\u00a0\u00bb.vc_custom_1557349095094{margin-top: 0px !important;padding-top: 0px !important;background-color: #f1f2ea !important;background-position: center !important;background-repeat: no-repeat !important;background-size: cover !important;}\u00a0\u00bb el_class=\u00a0\u00bbnos-commerces\u00a0\u00bb][vc_column css_animation=\u00a0\u00bbnone\u00a0\u00bb css=\u00a0\u00bb.vc_custom_1557346821074{margin-top: 0px !important;margin-bottom: 0px !important;padding-top: 0px !important;padding-bottom: [&hellip;]<\/p>\n","protected":false},"author":1,"featured_media":3634,"parent":0,"menu_order":0,"comment_status":"closed","ping_status":"closed","template":"","meta":{"ngg_post_thumbnail":0,"footnotes":""},"class_list":["post-325","page","type-page","status-publish","has-post-thumbnail","hentry"],"acf":[],"yoast_head":"<!-- This site is optimized with the Yoast SEO plugin v20.4 - https:\/\/yoast.com\/wordpress\/plugins\/seo\/ -->\n<title>Village Victoria<\/title>\n<meta name=\"description\" content=\"Regroupement des commer\u00e7ants et professionnels situ\u00e9s sur la rue Sherbrooke et l\u2019avenue Victoria \u00e0 Westmount\" \/>\n<meta name=\"robots\" content=\"index, follow, max-snippet:-1, max-image-preview:large, max-video-preview:-1\" \/>\n<link rel=\"canonical\" href=\"https:\/\/villagevictoria.ca\/fr\/\" \/>\n<meta property=\"og:locale\" content=\"fr_FR\" \/>\n<meta property=\"og:type\" content=\"article\" \/>\n<meta property=\"og:title\" content=\"Village Victoria\" \/>\n<meta property=\"og:description\" content=\"Regroupement des commer\u00e7ants et professionnels situ\u00e9s sur la rue Sherbrooke et l\u2019avenue Victoria \u00e0 Westmount\" \/>\n<meta property=\"og:url\" content=\"https:\/\/villagevictoria.ca\/fr\/\" \/>\n<meta property=\"og:site_name\" content=\"Village Victoria\" \/>\n<meta property=\"article:publisher\" content=\"https:\/\/www.facebook.com\/WestmountVictoriaVillage\/\" \/>\n<meta property=\"article:modified_time\" content=\"2023-10-05T21:14:25+00:00\" \/>\n<meta property=\"og:image\" content=\"https:\/\/villagevictoria.ca\/wp-content\/uploads\/2019\/05\/hero-victoria-06.jpg\" \/>\n\t<meta property=\"og:image:width\" content=\"1400\" \/>\n\t<meta property=\"og:image:height\" content=\"686\" \/>\n\t<meta property=\"og:image:type\" content=\"image\/jpeg\" \/>\n<meta name=\"twitter:card\" content=\"summary_large_image\" \/>\n<meta name=\"twitter:site\" content=\"@WestmountVicto1\" \/>\n<meta name=\"twitter:label1\" content=\"Dur\u00e9e de lecture estim\u00e9e\" \/>\n\t<meta name=\"twitter:data1\" content=\"2 minutes\" \/>\n<script type=\"application\/ld+json\" class=\"yoast-schema-graph\">{\"@context\":\"https:\/\/schema.org\",\"@graph\":[{\"@type\":\"WebPage\",\"@id\":\"https:\/\/villagevictoria.ca\/fr\/\",\"url\":\"https:\/\/villagevictoria.ca\/fr\/\",\"name\":\"Village Victoria\",\"isPartOf\":{\"@id\":\"https:\/\/villagevictoria.ca\/fr\/#website\"},\"datePublished\":\"2017-06-07T09:32:13+00:00\",\"dateModified\":\"2023-10-05T21:14:25+00:00\",\"description\":\"Regroupement des commer\u00e7ants et professionnels situ\u00e9s sur la rue Sherbrooke et l\u2019avenue Victoria \u00e0 Westmount\",\"breadcrumb\":{\"@id\":\"https:\/\/villagevictoria.ca\/fr\/#breadcrumb\"},\"inLanguage\":\"fr-FR\",\"potentialAction\":[{\"@type\":\"ReadAction\",\"target\":[\"https:\/\/villagevictoria.ca\/fr\/\"]}]},{\"@type\":\"BreadcrumbList\",\"@id\":\"https:\/\/villagevictoria.ca\/fr\/#breadcrumb\",\"itemListElement\":[{\"@type\":\"ListItem\",\"position\":1,\"name\":\"Home\",\"item\":\"https:\/\/villagevictoria.ca\/fr\/\"},{\"@type\":\"ListItem\",\"position\":2,\"name\":\"Home\"}]},{\"@type\":\"WebSite\",\"@id\":\"https:\/\/villagevictoria.ca\/fr\/#website\",\"url\":\"https:\/\/villagevictoria.ca\/fr\/\",\"name\":\"Village Victoria\",\"description\":\"Rue Sherbrooke Ouest, Rue Victoria, de Claremont a Grosvenor, vos boutiques pr\u00e9f\u00e9r\u00e9es vous y attendent!\",\"publisher\":{\"@id\":\"https:\/\/villagevictoria.ca\/fr\/#organization\"},\"potentialAction\":[{\"@type\":\"SearchAction\",\"target\":{\"@type\":\"EntryPoint\",\"urlTemplate\":\"https:\/\/villagevictoria.ca\/fr\/?s={search_term_string}\"},\"query-input\":\"required name=search_term_string\"}],\"inLanguage\":\"fr-FR\"},{\"@type\":\"Organization\",\"@id\":\"https:\/\/villagevictoria.ca\/fr\/#organization\",\"name\":\"Westmount Victoria Village Merchants Association\",\"url\":\"https:\/\/villagevictoria.ca\/fr\/\",\"logo\":{\"@type\":\"ImageObject\",\"inLanguage\":\"fr-FR\",\"@id\":\"https:\/\/villagevictoria.ca\/fr\/#\/schema\/logo\/image\/\",\"url\":\"https:\/\/villagevictoria.ca\/wp-content\/uploads\/2019\/05\/VictoriaVillage_Logo_Westmount_Black.svg\",\"contentUrl\":\"https:\/\/villagevictoria.ca\/wp-content\/uploads\/2019\/05\/VictoriaVillage_Logo_Westmount_Black.svg\",\"width\":431,\"height\":430,\"caption\":\"Westmount Victoria Village Merchants Association\"},\"image\":{\"@id\":\"https:\/\/villagevictoria.ca\/fr\/#\/schema\/logo\/image\/\"},\"sameAs\":[\"https:\/\/www.facebook.com\/WestmountVictoriaVillage\/\",\"https:\/\/twitter.com\/WestmountVicto1\",\"https:\/\/www.linkedin.com\/company\/71197367\",\"https:\/\/www.youtube.com\/channel\/UCOO2QDr_DQdVnTeSTK6BJ2w\"]}]}<\/script>\n<!-- \/ Yoast SEO plugin. -->","yoast_head_json":{"title":"Village Victoria","description":"Regroupement des commer\u00e7ants et professionnels situ\u00e9s sur la rue Sherbrooke et l\u2019avenue Victoria \u00e0 Westmount","robots":{"index":"index","follow":"follow","max-snippet":"max-snippet:-1","max-image-preview":"max-image-preview:large","max-video-preview":"max-video-preview:-1"},"canonical":"https:\/\/villagevictoria.ca\/fr\/","og_locale":"fr_FR","og_type":"article","og_title":"Village Victoria","og_description":"Regroupement des commer\u00e7ants et professionnels situ\u00e9s sur la rue Sherbrooke et l\u2019avenue Victoria \u00e0 Westmount","og_url":"https:\/\/villagevictoria.ca\/fr\/","og_site_name":"Village Victoria","article_publisher":"https:\/\/www.facebook.com\/WestmountVictoriaVillage\/","article_modified_time":"2023-10-05T21:14:25+00:00","og_image":[{"width":1400,"height":686,"url":"https:\/\/villagevictoria.ca\/wp-content\/uploads\/2019\/05\/hero-victoria-06.jpg","type":"image\/jpeg"}],"twitter_card":"summary_large_image","twitter_site":"@WestmountVicto1","twitter_misc":{"Dur\u00e9e de lecture estim\u00e9e":"2 minutes"},"schema":{"@context":"https:\/\/schema.org","@graph":[{"@type":"WebPage","@id":"https:\/\/villagevictoria.ca\/fr\/","url":"https:\/\/villagevictoria.ca\/fr\/","name":"Village Victoria","isPartOf":{"@id":"https:\/\/villagevictoria.ca\/fr\/#website"},"datePublished":"2017-06-07T09:32:13+00:00","dateModified":"2023-10-05T21:14:25+00:00","description":"Regroupement des commer\u00e7ants et professionnels situ\u00e9s sur la rue Sherbrooke et l\u2019avenue Victoria \u00e0 Westmount","breadcrumb":{"@id":"https:\/\/villagevictoria.ca\/fr\/#breadcrumb"},"inLanguage":"fr-FR","potentialAction":[{"@type":"ReadAction","target":["https:\/\/villagevictoria.ca\/fr\/"]}]},{"@type":"BreadcrumbList","@id":"https:\/\/villagevictoria.ca\/fr\/#breadcrumb","itemListElement":[{"@type":"ListItem","position":1,"name":"Home","item":"https:\/\/villagevictoria.ca\/fr\/"},{"@type":"ListItem","position":2,"name":"Home"}]},{"@type":"WebSite","@id":"https:\/\/villagevictoria.ca\/fr\/#website","url":"https:\/\/villagevictoria.ca\/fr\/","name":"Village Victoria","description":"Rue Sherbrooke Ouest, Rue Victoria, de Claremont a Grosvenor, vos boutiques pr\u00e9f\u00e9r\u00e9es vous y attendent!","publisher":{"@id":"https:\/\/villagevictoria.ca\/fr\/#organization"},"potentialAction":[{"@type":"SearchAction","target":{"@type":"EntryPoint","urlTemplate":"https:\/\/villagevictoria.ca\/fr\/?s={search_term_string}"},"query-input":"required name=search_term_string"}],"inLanguage":"fr-FR"},{"@type":"Organization","@id":"https:\/\/villagevictoria.ca\/fr\/#organization","name":"Westmount Victoria Village Merchants Association","url":"https:\/\/villagevictoria.ca\/fr\/","logo":{"@type":"ImageObject","inLanguage":"fr-FR","@id":"https:\/\/villagevictoria.ca\/fr\/#\/schema\/logo\/image\/","url":"https:\/\/villagevictoria.ca\/wp-content\/uploads\/2019\/05\/VictoriaVillage_Logo_Westmount_Black.svg","contentUrl":"https:\/\/villagevictoria.ca\/wp-content\/uploads\/2019\/05\/VictoriaVillage_Logo_Westmount_Black.svg","width":431,"height":430,"caption":"Westmount Victoria Village Merchants Association"},"image":{"@id":"https:\/\/villagevictoria.ca\/fr\/#\/schema\/logo\/image\/"},"sameAs":["https:\/\/www.facebook.com\/WestmountVictoriaVillage\/","https:\/\/twitter.com\/WestmountVicto1","https:\/\/www.linkedin.com\/company\/71197367","https:\/\/www.youtube.com\/channel\/UCOO2QDr_DQdVnTeSTK6BJ2w"]}]}},"_links":{"self":[{"href":"https:\/\/villagevictoria.ca\/fr\/wp-json\/wp\/v2\/pages\/325","targetHints":{"allow":["GET"]}}],"collection":[{"href":"https:\/\/villagevictoria.ca\/fr\/wp-json\/wp\/v2\/pages"}],"about":[{"href":"https:\/\/villagevictoria.ca\/fr\/wp-json\/wp\/v2\/types\/page"}],"author":[{"embeddable":true,"href":"https:\/\/villagevictoria.ca\/fr\/wp-json\/wp\/v2\/users\/1"}],"replies":[{"embeddable":true,"href":"https:\/\/villagevictoria.ca\/fr\/wp-json\/wp\/v2\/comments?post=325"}],"version-history":[{"count":0,"href":"https:\/\/villagevictoria.ca\/fr\/wp-json\/wp\/v2\/pages\/325\/revisions"}],"wp:featuredmedia":[{"embeddable":true,"href":"https:\/\/villagevictoria.ca\/fr\/wp-json\/wp\/v2\/media\/3634"}],"wp:attachment":[{"href":"https:\/\/villagevictoria.ca\/fr\/wp-json\/wp\/v2\/media?parent=325"}],"curies":[{"name":"wp","href":"https:\/\/api.w.org\/{rel}","templated":true}]}}